{"id":1314,"date":"2023-03-07T12:26:36","date_gmt":"2023-03-07T11:26:36","guid":{"rendered":"https:\/\/energical.dz\/?page_id=1314"},"modified":"2023-07-19T17:05:45","modified_gmt":"2023-07-19T15:05:45","slug":"sanitaire","status":"publish","type":"page","link":"https:\/\/energical.dz\/ar\/sanitaire\/","title":{"rendered":"\u0627\u0644\u062a\u0631\u0635\u064a\u0635  \u0627\u0644\u0635\u062d\u064a"},"content":{"rendered":"<div data-elementor-type=\"wp-page\" data-elementor-id=\"1314\" class=\"elementor elementor-1314\" data-elementor-post-type=\"page\">\n\t\t\t\t\t\t<section class=\"elementor-section elementor-top-section elementor-element elementor-element-59ad395 elementor-section-height-min-height elementor-section-boxed elementor-section-height-default elementor-section-items-middle\" data-id=\"59ad395\" data-element_type=\"section\" data-e-type=\"section\" data-settings=\"{&quot;background_background&quot;:&quot;classic&quot;}\">\n\t\t\t\t\t\t<div class=\"elementor-container elementor-column-gap-default\">\n\t\t\t\t\t<div class=\"elementor-column elementor-col-100 elementor-top-column elementor-element elementor-element-66a4cca\" data-id=\"66a4cca\" data-element_type=\"column\" data-e-type=\"column\">\n\t\t\t<div class=\"elementor-widget-wrap elementor-element-populated\">\n\t\t\t\t\t\t<div class=\"elementor-element elementor-element-4da1fae elementor-widget elementor-widget-heading\" data-id=\"4da1fae\" data-element_type=\"widget\" data-e-type=\"widget\" data-widget_type=\"heading.default\">\n\t\t\t\t<div class=\"elementor-widget-container\">\n\t\t\t\t\t<h2 class=\"elementor-heading-title elementor-size-default\">\u0627\u0644\u062a\u0631\u0635\u064a\u0635  \u0627\u0644\u0635\u062d\u064a<\/h2>\t\t\t\t<\/div>\n\t\t\t\t<\/div>\n\t\t\t\t\t<\/div>\n\t\t<\/div>\n\t\t\t\t\t<\/div>\n\t\t<\/section>\n\t\t\t\t<section class=\"elementor-section elementor-top-section elementor-element elementor-element-996f5f5 elementor-section-full_width elementor-section-height-min-height elementor-section-height-default elementor-section-items-middle\" data-id=\"996f5f5\" data-element_type=\"section\" data-e-type=\"section\">\n\t\t\t\t\t\t<div class=\"elementor-container elementor-column-gap-no\">\n\t\t\t\t\t<div class=\"elementor-column elementor-col-50 elementor-top-column elementor-element elementor-element-c069264\" data-id=\"c069264\" data-element_type=\"column\" data-e-type=\"column\">\n\t\t\t<div class=\"elementor-widget-wrap elementor-element-populated\">\n\t\t\t\t\t\t<div class=\"elementor-element elementor-element-83f7adb elementor-widget elementor-widget-image\" data-id=\"83f7adb\" data-element_type=\"widget\" data-e-type=\"widget\" data-widget_type=\"image.default\">\n\t\t\t\t<div class=\"elementor-widget-container\">\n\t\t\t\t\t\t\t\t\t\t\t\t\t\t\t<img fetchpriority=\"high\" decoding=\"async\" width=\"800\" height=\"498\" src=\"https:\/\/energical.dz\/wp-content\/uploads\/2023\/03\/Mask-group-11.png\" class=\"attachment-large size-large wp-image-1317\" alt=\"\" srcset=\"https:\/\/energical.dz\/wp-content\/uploads\/2023\/03\/Mask-group-11.png 970w, https:\/\/energical.dz\/wp-content\/uploads\/2023\/03\/Mask-group-11-300x187.png 300w, https:\/\/energical.dz\/wp-content\/uploads\/2023\/03\/Mask-group-11-768x478.png 768w\" sizes=\"(max-width: 800px) 100vw, 800px\" \/>\t\t\t\t\t\t\t\t\t\t\t\t\t\t\t<\/div>\n\t\t\t\t<\/div>\n\t\t\t\t\t<\/div>\n\t\t<\/div>\n\t\t\t\t<div class=\"elementor-column elementor-col-50 elementor-top-column elementor-element elementor-element-c8e248b\" data-id=\"c8e248b\" data-element_type=\"column\" data-e-type=\"column\">\n\t\t\t<div class=\"elementor-widget-wrap elementor-element-populated\">\n\t\t\t\t\t\t<section class=\"elementor-section elementor-inner-section elementor-element elementor-element-95190f8 elementor-section-boxed elementor-section-height-default elementor-section-height-default\" data-id=\"95190f8\" data-element_type=\"section\" data-e-type=\"section\">\n\t\t\t\t\t\t<div class=\"elementor-container elementor-column-gap-default\">\n\t\t\t\t\t<div class=\"elementor-column elementor-col-100 elementor-inner-column elementor-element elementor-element-890d85a\" data-id=\"890d85a\" data-element_type=\"column\" data-e-type=\"column\">\n\t\t\t<div class=\"elementor-widget-wrap elementor-element-populated\">\n\t\t\t\t\t\t<div class=\"elementor-element elementor-element-ae391d6 elementor-widget-divider--view-line elementor-widget elementor-widget-divider\" data-id=\"ae391d6\" data-element_type=\"widget\" data-e-type=\"widget\" data-widget_type=\"divider.default\">\n\t\t\t\t<div class=\"elementor-widget-container\">\n\t\t\t\t\t\t\t<div class=\"elementor-divider\">\n\t\t\t<span class=\"elementor-divider-separator\">\n\t\t\t\t\t\t<\/span>\n\t\t<\/div>\n\t\t\t\t\t\t<\/div>\n\t\t\t\t<\/div>\n\t\t\t\t<div class=\"elementor-element elementor-element-5474c2e elementor-widget elementor-widget-text-editor\" data-id=\"5474c2e\" data-element_type=\"widget\" data-e-type=\"widget\" data-widget_type=\"text-editor.default\">\n\t\t\t\t<div class=\"elementor-widget-container\">\n\t\t\t\t\t\t\t\t\t<p><span style=\"text-align: start;\">\u062a\u062a\u062e\u0635\u0635 \u0648\u062d\u062f\u0629 \u0627\u0644\u0625\u0646\u062a\u0627\u062c \u0627\u0644\u0635\u062d\u064a \u0628\u0634\u0631\u0643\u0629 Energical \u0641\u064a \u062a\u0635\u0646\u064a\u0639 \u0645\u0646\u062a\u062c\u0627\u062a \u0627\u0644\u0633\u064a\u0631\u0627\u0645\u064a\u0643 \u0645\u062b\u0644 \u0623\u062d\u0648\u0627\u0636 \u0627\u0644\u0627\u0633\u062a\u062d\u0645\u0627\u0645 \u0648\u0623\u062d\u0648\u0627\u0636 \u0627\u0644\u0645\u0637\u0628\u062e \u0648\u0623\u062d\u0648\u0627\u0636 \u0627\u0644\u063a\u0633\u064a\u0644 \u0648\u0635\u0648\u0627\u0646\u064a \u0627\u0644\u062f\u0634. \u0628\u0641\u0636\u0644 \u0627\u0644\u062e\u0628\u0631\u0629 \u0627\u0644\u0645\u0639\u062a\u0631\u0641 \u0628\u0647\u0627 \u0641\u064a \u0645\u062c\u0627\u0644 \u0627\u0644\u0633\u064a\u0631\u0627\u0645\u064a\u0643 \u0627\u0644\u0635\u062d\u064a\u060c \u062a\u0642\u062f\u0645 \u0648\u062d\u062f\u0629 \u0627\u0644\u0625\u0646\u062a\u0627\u062c \u0627\u0644\u0635\u062d\u064a \u0641\u064a Energical \u0645\u0646\u062a\u062c\u0627\u062a \u0639\u0627\u0644\u064a\u0629 \u0627\u0644\u062c\u0648\u062f\u0629 \u0644\u062a\u0644\u0628\u064a\u0629 \u0627\u0644\u0627\u062d\u062a\u064a\u0627\u062c\u0627\u062a \u0627\u0644\u0645\u062a\u0646\u0648\u0639\u0629 \u0644\u0644\u0645\u062d\u062a\u0631\u0641\u064a\u0646 \u0648\u0627\u0644\u0645\u0633\u062a\u062e\u062f\u0645\u064a\u0646. \u0633\u0648\u0627\u0621 \u0643\u0646\u062a \u062a\u0628\u062d\u062b \u0639\u0646 \u062d\u0644 \u0644\u062a\u0631\u0643\u064a\u0628 \u062c\u062f\u064a\u062f \u0623\u0648 \u062a\u062c\u062f\u064a\u062f\u060c \u0641\u0625\u0646 \u0648\u062d\u062f\u0629 \u0627\u0644\u0625\u0646\u062a\u0627\u062c \u0627\u0644\u0635\u062d\u064a \u0641\u064a Energical \u0647\u064a \u0627\u0644\u0645\u0631\u062c\u0639 \u0644\u0644\u0645\u0646\u062a\u062c\u0627\u062a \u0639\u0627\u0644\u064a\u0629 \u0627\u0644\u062c\u0648\u062f\u0629 \u0648\u0627\u0644\u062d\u0644\u0648\u0644 \u0627\u0644\u0643\u0627\u0645\u0644\u0629.<\/span><\/p>\t\t\t\t\t\t\t\t<\/div>\n\t\t\t\t<\/div>\n\t\t\t\t\t<\/div>\n\t\t<\/div>\n\t\t\t\t\t<\/div>\n\t\t<\/section>\n\t\t\t\t\t<\/div>\n\t\t<\/div>\n\t\t\t\t\t<\/div>\n\t\t<\/section>\n\t\t\t\t<section class=\"elementor-section elementor-top-section elementor-element elementor-element-ce29a75 elementor-section-full_width elementor-section-height-default elementor-section-height-default\" data-id=\"ce29a75\" data-element_type=\"section\" data-e-type=\"section\" data-settings=\"{&quot;background_background&quot;:&quot;classic&quot;}\">\n\t\t\t\t\t\t<div class=\"elementor-container elementor-column-gap-default\">\n\t\t\t\t\t<div class=\"elementor-column elementor-col-100 elementor-top-column elementor-element elementor-element-9eb917c\" data-id=\"9eb917c\" data-element_type=\"column\" data-e-type=\"column\">\n\t\t\t<div class=\"elementor-widget-wrap elementor-element-populated\">\n\t\t\t\t\t\t<div class=\"elementor-element elementor-element-633dee0 elementor-widget elementor-widget-image-carousel\" data-id=\"633dee0\" data-element_type=\"widget\" data-e-type=\"widget\" data-settings=\"{&quot;slides_to_show&quot;:&quot;5&quot;,&quot;slides_to_scroll&quot;:&quot;1&quot;,&quot;navigation&quot;:&quot;none&quot;,&quot;lazyload&quot;:&quot;yes&quot;,&quot;autoplay_speed&quot;:1000,&quot;speed&quot;:4000,&quot;slides_to_show_tablet&quot;:&quot;3&quot;,&quot;slides_to_show_mobile&quot;:&quot;2&quot;,&quot;slides_to_scroll_tablet&quot;:&quot;1&quot;,&quot;image_spacing_custom&quot;:{&quot;unit&quot;:&quot;px&quot;,&quot;size&quot;:15,&quot;sizes&quot;:[]},&quot;autoplay&quot;:&quot;yes&quot;,&quot;pause_on_hover&quot;:&quot;yes&quot;,&quot;pause_on_interaction&quot;:&quot;yes&quot;,&quot;infinite&quot;:&quot;yes&quot;,&quot;image_spacing_custom_tablet&quot;:{&quot;unit&quot;:&quot;px&quot;,&quot;size&quot;:&quot;&quot;,&quot;sizes&quot;:[]},&quot;image_spacing_custom_mobile&quot;:{&quot;unit&quot;:&quot;px&quot;,&quot;size&quot;:&quot;&quot;,&quot;sizes&quot;:[]}}\" data-widget_type=\"image-carousel.default\">\n\t\t\t\t<div class=\"elementor-widget-container\">\n\t\t\t\t\t\t\t<div class=\"elementor-image-carousel-wrapper swiper\" role=\"region\" aria-roledescription=\"carousel\" aria-label=\"Carrousel d\u2019images\" dir=\"ltr\">\n\t\t\t<div class=\"elementor-image-carousel swiper-wrapper\" aria-live=\"off\">\n\t\t\t\t\t\t\t\t<div class=\"swiper-slide\" role=\"group\" aria-roledescription=\"slide\" aria-label=\"1 sur 4\"><figure class=\"swiper-slide-inner\"><img class=\"swiper-slide-image swiper-lazy\" data-src=\"https:\/\/energical.dz\/wp-content\/uploads\/2023\/03\/Mask-group-15.jpg\" alt=\"Eviers de cuisine\" \/><div class=\"swiper-lazy-preloader\"><\/div><figcaption class=\"elementor-image-carousel-caption\">\u0623\u062d\u0648\u0627\u0636 \u0627\u0644\u0645\u0637\u0628\u062e<\/figcaption><\/figure><\/div><div class=\"swiper-slide\" role=\"group\" aria-roledescription=\"slide\" aria-label=\"2 sur 4\"><figure class=\"swiper-slide-inner\"><img class=\"swiper-slide-image swiper-lazy\" data-src=\"https:\/\/energical.dz\/wp-content\/uploads\/2023\/03\/Mask-group-40.png\" alt=\"Lavabos\" \/><div class=\"swiper-lazy-preloader\"><\/div><figcaption class=\"elementor-image-carousel-caption\">\u0645\u063a\u0627\u0633\u0644<\/figcaption><\/figure><\/div><div class=\"swiper-slide\" role=\"group\" aria-roledescription=\"slide\" aria-label=\"3 sur 4\"><figure class=\"swiper-slide-inner\"><img class=\"swiper-slide-image swiper-lazy\" data-src=\"https:\/\/energical.dz\/wp-content\/uploads\/2023\/03\/Mask-group-41.png\" alt=\"Baignoires\" \/><div class=\"swiper-lazy-preloader\"><\/div><figcaption class=\"elementor-image-carousel-caption\">\u0627\u062d\u0648\u0627\u0636 \u0627\u0644\u0627\u0633\u062a\u062d\u0645\u0627\u0645<\/figcaption><\/figure><\/div><div class=\"swiper-slide\" role=\"group\" aria-roledescription=\"slide\" aria-label=\"4 sur 4\"><figure class=\"swiper-slide-inner\"><img class=\"swiper-slide-image swiper-lazy\" data-src=\"https:\/\/energical.dz\/wp-content\/uploads\/2023\/03\/Eeceveurs-de-douche-2.jpg\" alt=\"Receveurs de douche\" \/><div class=\"swiper-lazy-preloader\"><\/div><figcaption class=\"elementor-image-carousel-caption\">\u0635\u0648\u0627\u0646\u064a \u0627\u0644\u062f\u0634<\/figcaption><\/figure><\/div>\t\t\t<\/div>\n\t\t\t\t\t\t\t\n\t\t\t\t\t\t\t\t\t<\/div>\n\t\t\t\t\t\t<\/div>\n\t\t\t\t<\/div>\n\t\t\t\t\t<\/div>\n\t\t<\/div>\n\t\t\t\t\t<\/div>\n\t\t<\/section>\n\t\t\t\t<section class=\"elementor-section elementor-top-section elementor-element elementor-element-435afda elementor-section-boxed elementor-section-height-default elementor-section-height-default\" data-id=\"435afda\" data-element_type=\"section\" data-e-type=\"section\">\n\t\t\t\t\t\t<div class=\"elementor-container elementor-column-gap-default\">\n\t\t\t\t\t<div class=\"elementor-column elementor-col-50 elementor-top-column elementor-element elementor-element-89692f8\" data-id=\"89692f8\" data-element_type=\"column\" data-e-type=\"column\">\n\t\t\t<div class=\"elementor-widget-wrap elementor-element-populated\">\n\t\t\t\t\t\t<div class=\"elementor-element elementor-element-6c53c14 elementor-widget__width-auto elementor-widget elementor-widget-image\" data-id=\"6c53c14\" data-element_type=\"widget\" data-e-type=\"widget\" data-widget_type=\"image.default\">\n\t\t\t\t<div class=\"elementor-widget-container\">\n\t\t\t\t\t\t\t\t\t\t\t\t\t\t\t<img decoding=\"async\" width=\"535\" height=\"294\" src=\"https:\/\/energical.dz\/wp-content\/uploads\/2023\/03\/01-Web-Showcase-Mockup-1-1.png\" class=\"attachment-large size-large wp-image-1322\" alt=\"Energical website\" srcset=\"https:\/\/energical.dz\/wp-content\/uploads\/2023\/03\/01-Web-Showcase-Mockup-1-1.png 535w, https:\/\/energical.dz\/wp-content\/uploads\/2023\/03\/01-Web-Showcase-Mockup-1-1-300x165.png 300w\" sizes=\"(max-width: 535px) 100vw, 535px\" \/>\t\t\t\t\t\t\t\t\t\t\t\t\t\t\t<\/div>\n\t\t\t\t<\/div>\n\t\t\t\t\t<\/div>\n\t\t<\/div>\n\t\t\t\t<div class=\"elementor-column elementor-col-50 elementor-top-column elementor-element elementor-element-b4df22a\" data-id=\"b4df22a\" data-element_type=\"column\" data-e-type=\"column\">\n\t\t\t<div class=\"elementor-widget-wrap elementor-element-populated\">\n\t\t\t\t\t\t<section class=\"elementor-section elementor-inner-section elementor-element elementor-element-b67917f elementor-section-height-min-height elementor-section-boxed elementor-section-height-default\" data-id=\"b67917f\" data-element_type=\"section\" data-e-type=\"section\">\n\t\t\t\t\t\t<div class=\"elementor-container elementor-column-gap-no\">\n\t\t\t\t\t<div class=\"elementor-column elementor-col-50 elementor-inner-column elementor-element elementor-element-5bbe05d\" data-id=\"5bbe05d\" data-element_type=\"column\" data-e-type=\"column\">\n\t\t\t<div class=\"elementor-widget-wrap elementor-element-populated\">\n\t\t\t\t\t\t<div class=\"elementor-element elementor-element-c263545 elementor-widget__width-auto elementor-widget elementor-widget-text-editor\" data-id=\"c263545\" data-element_type=\"widget\" data-e-type=\"widget\" data-widget_type=\"text-editor.default\">\n\t\t\t\t<div class=\"elementor-widget-container\">\n\t\t\t\t\t\t\t\t\t\u064a\u0645\u0643\u0646\u0643 \u0639\u0631\u0636 \u0627\u0644\u0645\u062c\u0645\u0648\u0639\u0629 \u0627\u0644\u0643\u0627\u0645\u0644\u0629 \u0645\u0646 \u0627\u0644\u0645\u0646\u062a\u062c\u0627\u062a \u0639\u0644\u0649 \u0645\u0648\u0642\u0639\u0646\u0627 <a href=\"https:\/\/energical.com\/\" target=\"_blank\" rel=\"noopener\">\u0645\u0648\u0642\u0639 \u0627\u0644\u062a\u062c\u0627\u0631\u0629 \u0627\u0644\u0625\u0644\u0643\u062a\u0631\u0648\u0646\u064a\u0629<\/a>\t\t\t\t\t\t\t\t<\/div>\n\t\t\t\t<\/div>\n\t\t\t\t\t<\/div>\n\t\t<\/div>\n\t\t\t\t<div class=\"elementor-column elementor-col-50 elementor-inner-column elementor-element elementor-element-1f28b50\" data-id=\"1f28b50\" data-element_type=\"column\" data-e-type=\"column\">\n\t\t\t<div class=\"elementor-widget-wrap elementor-element-populated\">\n\t\t\t\t\t\t<div class=\"elementor-element elementor-element-0af3fda elementor-widget__width-auto elementor-widget elementor-widget-button\" data-id=\"0af3fda\" data-element_type=\"widget\" data-e-type=\"widget\" data-widget_type=\"button.default\">\n\t\t\t\t<div class=\"elementor-widget-container\">\n\t\t\t\t\t\t\t\t\t<div class=\"elementor-button-wrapper\">\n\t\t\t\t\t<a class=\"elementor-button elementor-button-link elementor-size-md\" href=\"https:\/\/energical.com\/\" target=\"_blank\">\n\t\t\t\t\t\t<span class=\"elementor-button-content-wrapper\">\n\t\t\t\t\t\t\t\t\t<span class=\"elementor-button-text\">Energical.com<\/span>\n\t\t\t\t\t<\/span>\n\t\t\t\t\t<\/a>\n\t\t\t\t<\/div>\n\t\t\t\t\t\t\t\t<\/div>\n\t\t\t\t<\/div>\n\t\t\t\t\t<\/div>\n\t\t<\/div>\n\t\t\t\t\t<\/div>\n\t\t<\/section>\n\t\t\t\t\t<\/div>\n\t\t<\/div>\n\t\t\t\t\t<\/div>\n\t\t<\/section>\n\t\t\t\t<\/div>","protected":false},"excerpt":{"rendered":"<p>Sanitaire L&rsquo;unit\u00e9 de production sanitaire d&rsquo;Energical est sp\u00e9cialis\u00e9e dans la fabrication de produits en c\u00e9ramique tels que des baignoires, des \u00e9viers de cuisine, des lavabos et des receveurs de douche. Gr\u00e2ce \u00e0 une expertise reconnue dans le domaine de la c\u00e9ramique sanitaire, l&rsquo;unit\u00e9 de production sanitaire d&rsquo;Energical offre des produits de qualit\u00e9 sup\u00e9rieure pour r\u00e9pondre [&hellip;]<\/p>\n","protected":false},"author":1,"featured_media":0,"parent":0,"menu_order":0,"comment_status":"closed","ping_status":"closed","template":"","meta":{"_acf_changed":false,"_seopress_robots_primary_cat":"","_seopress_titles_title":"","_seopress_titles_desc":"","_seopress_robots_index":"","inline_featured_image":false,"footnotes":""},"class_list":["post-1314","page","type-page","status-publish","hentry"],"acf":[],"_links":{"self":[{"href":"https:\/\/energical.dz\/ar\/wp-json\/wp\/v2\/pages\/1314","targetHints":{"allow":["GET"]}}],"collection":[{"href":"https:\/\/energical.dz\/ar\/wp-json\/wp\/v2\/pages"}],"about":[{"href":"https:\/\/energical.dz\/ar\/wp-json\/wp\/v2\/types\/page"}],"author":[{"embeddable":true,"href":"https:\/\/energical.dz\/ar\/wp-json\/wp\/v2\/users\/1"}],"replies":[{"embeddable":true,"href":"https:\/\/energical.dz\/ar\/wp-json\/wp\/v2\/comments?post=1314"}],"version-history":[{"count":0,"href":"https:\/\/energical.dz\/ar\/wp-json\/wp\/v2\/pages\/1314\/revisions"}],"wp:attachment":[{"href":"https:\/\/energical.dz\/ar\/wp-json\/wp\/v2\/media?parent=1314"}],"curies":[{"name":"wp","href":"https:\/\/api.w.org\/{rel}","templated":true}]}}