{"id":1508,"date":"2023-03-12T15:51:20","date_gmt":"2023-03-12T14:51:20","guid":{"rendered":"https:\/\/energical.dz\/?page_id=1508"},"modified":"2023-07-18T13:11:13","modified_gmt":"2023-07-18T11:11:13","slug":"menuiserie","status":"publish","type":"page","link":"https:\/\/energical.dz\/ar\/menuiserie\/","title":{"rendered":"\u0646\u062c\u0627\u0631\u0629"},"content":{"rendered":"<div data-elementor-type=\"wp-page\" data-elementor-id=\"1508\" class=\"elementor elementor-1508\" data-elementor-post-type=\"page\">\n\t\t\t\t\t\t<section class=\"elementor-section elementor-top-section elementor-element elementor-element-1ba780a elementor-section-height-min-height elementor-section-boxed elementor-section-height-default elementor-section-items-middle\" data-id=\"1ba780a\" data-element_type=\"section\" data-e-type=\"section\" data-settings=\"{&quot;background_background&quot;:&quot;classic&quot;}\">\n\t\t\t\t\t\t<div class=\"elementor-container elementor-column-gap-default\">\n\t\t\t\t\t<div class=\"elementor-column elementor-col-100 elementor-top-column elementor-element elementor-element-1b4d67c\" data-id=\"1b4d67c\" data-element_type=\"column\" data-e-type=\"column\">\n\t\t\t<div class=\"elementor-widget-wrap elementor-element-populated\">\n\t\t\t\t\t\t<div class=\"elementor-element elementor-element-d7aefda elementor-widget elementor-widget-heading\" data-id=\"d7aefda\" data-element_type=\"widget\" data-e-type=\"widget\" data-widget_type=\"heading.default\">\n\t\t\t\t<div class=\"elementor-widget-container\">\n\t\t\t\t\t<h2 class=\"elementor-heading-title elementor-size-default\">\u0646\u062c\u0627\u0631\u0629<\/h2>\t\t\t\t<\/div>\n\t\t\t\t<\/div>\n\t\t\t\t\t<\/div>\n\t\t<\/div>\n\t\t\t\t\t<\/div>\n\t\t<\/section>\n\t\t\t\t<section class=\"elementor-section elementor-top-section elementor-element elementor-element-1fea3b0 elementor-section-full_width elementor-section-height-min-height elementor-section-height-default elementor-section-items-middle\" data-id=\"1fea3b0\" data-element_type=\"section\" data-e-type=\"section\">\n\t\t\t\t\t\t<div class=\"elementor-container elementor-column-gap-no\">\n\t\t\t\t\t<div class=\"elementor-column elementor-col-50 elementor-top-column elementor-element elementor-element-43226e8\" data-id=\"43226e8\" data-element_type=\"column\" data-e-type=\"column\">\n\t\t\t<div class=\"elementor-widget-wrap elementor-element-populated\">\n\t\t\t\t\t\t<div class=\"elementor-element elementor-element-f2cddf5 elementor-widget elementor-widget-image\" data-id=\"f2cddf5\" data-element_type=\"widget\" data-e-type=\"widget\" data-widget_type=\"image.default\">\n\t\t\t\t<div class=\"elementor-widget-container\">\n\t\t\t\t\t\t\t\t\t\t\t\t\t\t\t<img fetchpriority=\"high\" decoding=\"async\" width=\"800\" height=\"498\" src=\"https:\/\/energical.dz\/wp-content\/uploads\/2023\/03\/Mask-group-20.png\" class=\"attachment-large size-large wp-image-1511\" alt=\"\" srcset=\"https:\/\/energical.dz\/wp-content\/uploads\/2023\/03\/Mask-group-20.png 970w, https:\/\/energical.dz\/wp-content\/uploads\/2023\/03\/Mask-group-20-300x187.png 300w, https:\/\/energical.dz\/wp-content\/uploads\/2023\/03\/Mask-group-20-768x478.png 768w\" sizes=\"(max-width: 800px) 100vw, 800px\" \/>\t\t\t\t\t\t\t\t\t\t\t\t\t\t\t<\/div>\n\t\t\t\t<\/div>\n\t\t\t\t\t<\/div>\n\t\t<\/div>\n\t\t\t\t<div class=\"elementor-column elementor-col-50 elementor-top-column elementor-element elementor-element-122891e\" data-id=\"122891e\" data-element_type=\"column\" data-e-type=\"column\">\n\t\t\t<div class=\"elementor-widget-wrap elementor-element-populated\">\n\t\t\t\t\t\t<section class=\"elementor-section elementor-inner-section elementor-element elementor-element-d06b742 elementor-section-boxed elementor-section-height-default elementor-section-height-default\" data-id=\"d06b742\" data-element_type=\"section\" data-e-type=\"section\">\n\t\t\t\t\t\t<div class=\"elementor-container elementor-column-gap-default\">\n\t\t\t\t\t<div class=\"elementor-column elementor-col-100 elementor-inner-column elementor-element elementor-element-a5633ec\" data-id=\"a5633ec\" data-element_type=\"column\" data-e-type=\"column\">\n\t\t\t<div class=\"elementor-widget-wrap elementor-element-populated\">\n\t\t\t\t\t\t<div class=\"elementor-element elementor-element-d578d74 elementor-widget-divider--view-line elementor-widget elementor-widget-divider\" data-id=\"d578d74\" data-element_type=\"widget\" data-e-type=\"widget\" data-widget_type=\"divider.default\">\n\t\t\t\t<div class=\"elementor-widget-container\">\n\t\t\t\t\t\t\t<div class=\"elementor-divider\">\n\t\t\t<span class=\"elementor-divider-separator\">\n\t\t\t\t\t\t<\/span>\n\t\t<\/div>\n\t\t\t\t\t\t<\/div>\n\t\t\t\t<\/div>\n\t\t\t\t<div class=\"elementor-element elementor-element-932e7bc elementor-widget elementor-widget-text-editor\" data-id=\"932e7bc\" data-element_type=\"widget\" data-e-type=\"widget\" data-widget_type=\"text-editor.default\">\n\t\t\t\t<div class=\"elementor-widget-container\">\n\t\t\t\t\t\t\t\t\t<p><span style=\"text-align: start;\">\u0625\u0646\u0631\u062c\u064a\u0643\u0627\u0644 \u062a\u0642\u062f\u0645 \u0644\u0643\u0645 \u0623\u0628\u0648\u0627\u0628 MDF \u0627\u0644\u062a\u064a \u062a\u0644\u0628\u064a \u062c\u0645\u064a\u0639 \u0627\u0644\u0623\u0630\u0648\u0627\u0642 \u0648\u0623\u0646\u0645\u0627\u0637 \u0627\u0644\u0645\u0646\u0627\u0632\u0644\u060c \u0628\u0645\u0627 \u0641\u064a \u0630\u0644\u0643 \u0623\u0628\u0648\u0627\u0628 \u063a\u0631\u0641 \u0627\u0644\u0645\u0639\u064a\u0634\u0629\u060c \u0648\u0623\u0628\u0648\u0627\u0628 \u0627\u0644\u0645\u0637\u0628\u062e\u060c \u0648\u0623\u0628\u0648\u0627\u0628 \u063a\u0631\u0641 \u0627\u0644\u0646\u0648\u0645 \u0648\u063a\u0631\u0641 \u0627\u0644\u0623\u0637\u0641\u0627\u0644. \u0623\u0628\u0648\u0627\u0628\u0646\u0627 \u0645\u0635\u0646\u0648\u0639\u0629 \u062e\u0635\u064a\u0635\u064b\u0627 \u0645\u0646 \u0645\u0648\u0627\u062f \u0645\u062a\u0645\u064a\u0632\u0629 \u0644\u062a\u0648\u0641\u064a\u0631 \u0627\u0644\u0645\u062a\u0627\u0646\u0629 \u0627\u0644\u0645\u062b\u0644\u0649 \u0648\u0645\u0642\u0627\u0648\u0645\u0629 \u0627\u0644\u0637\u0642\u0633 \u0648\u0627\u0644\u0623\u0645\u0627\u0646. \u0645\u0639 \u0627\u0644\u062e\u062f\u0645\u0629 \u0627\u0644\u0645\u0647\u0646\u064a\u0629 \u0648\u0627\u0644\u064a\u0642\u0638\u0629.<\/span><\/p>\t\t\t\t\t\t\t\t<\/div>\n\t\t\t\t<\/div>\n\t\t\t\t\t<\/div>\n\t\t<\/div>\n\t\t\t\t\t<\/div>\n\t\t<\/section>\n\t\t\t\t\t<\/div>\n\t\t<\/div>\n\t\t\t\t\t<\/div>\n\t\t<\/section>\n\t\t\t\t<section class=\"elementor-section elementor-top-section elementor-element elementor-element-4848d18 elementor-section-full_width elementor-section-height-default elementor-section-height-default\" data-id=\"4848d18\" data-element_type=\"section\" data-e-type=\"section\" data-settings=\"{&quot;background_background&quot;:&quot;classic&quot;}\">\n\t\t\t\t\t\t<div class=\"elementor-container elementor-column-gap-default\">\n\t\t\t\t\t<div class=\"elementor-column elementor-col-100 elementor-top-column elementor-element elementor-element-7218f9c\" data-id=\"7218f9c\" data-element_type=\"column\" data-e-type=\"column\">\n\t\t\t<div class=\"elementor-widget-wrap elementor-element-populated\">\n\t\t\t\t\t\t<div class=\"elementor-element elementor-element-e23e55b elementor-widget elementor-widget-image-carousel\" data-id=\"e23e55b\" data-element_type=\"widget\" data-e-type=\"widget\" data-settings=\"{&quot;slides_to_show&quot;:&quot;5&quot;,&quot;slides_to_scroll&quot;:&quot;1&quot;,&quot;navigation&quot;:&quot;none&quot;,&quot;lazyload&quot;:&quot;yes&quot;,&quot;autoplay_speed&quot;:1000,&quot;speed&quot;:4000,&quot;slides_to_show_tablet&quot;:&quot;3&quot;,&quot;slides_to_show_mobile&quot;:&quot;2&quot;,&quot;slides_to_scroll_tablet&quot;:&quot;1&quot;,&quot;image_spacing_custom&quot;:{&quot;unit&quot;:&quot;px&quot;,&quot;size&quot;:15,&quot;sizes&quot;:[]},&quot;autoplay&quot;:&quot;yes&quot;,&quot;pause_on_hover&quot;:&quot;yes&quot;,&quot;pause_on_interaction&quot;:&quot;yes&quot;,&quot;infinite&quot;:&quot;yes&quot;,&quot;image_spacing_custom_tablet&quot;:{&quot;unit&quot;:&quot;px&quot;,&quot;size&quot;:&quot;&quot;,&quot;sizes&quot;:[]},&quot;image_spacing_custom_mobile&quot;:{&quot;unit&quot;:&quot;px&quot;,&quot;size&quot;:&quot;&quot;,&quot;sizes&quot;:[]}}\" data-widget_type=\"image-carousel.default\">\n\t\t\t\t<div class=\"elementor-widget-container\">\n\t\t\t\t\t\t\t<div class=\"elementor-image-carousel-wrapper swiper\" role=\"region\" aria-roledescription=\"carousel\" aria-label=\"Carrousel d\u2019images\" dir=\"ltr\">\n\t\t\t<div class=\"elementor-image-carousel swiper-wrapper\" aria-live=\"off\">\n\t\t\t\t\t\t\t\t<div class=\"swiper-slide\" role=\"group\" aria-roledescription=\"slide\" aria-label=\"1 sur 5\"><figure class=\"swiper-slide-inner\"><img class=\"swiper-slide-image swiper-lazy\" data-src=\"https:\/\/energical.dz\/wp-content\/uploads\/2023\/03\/Mask-group-30.png\" alt=\"Porte de cuisine\" \/><div class=\"swiper-lazy-preloader\"><\/div><figcaption class=\"elementor-image-carousel-caption\">\u0628\u0627\u0628 \u0627\u0644\u0645\u0637\u0628\u062e<\/figcaption><\/figure><\/div><div class=\"swiper-slide\" role=\"group\" aria-roledescription=\"slide\" aria-label=\"2 sur 5\"><figure class=\"swiper-slide-inner\"><img class=\"swiper-slide-image swiper-lazy\" data-src=\"https:\/\/energical.dz\/wp-content\/uploads\/2023\/03\/Mask-group-9.jpg\" alt=\"Porte de salon\" \/><div class=\"swiper-lazy-preloader\"><\/div><figcaption class=\"elementor-image-carousel-caption\">\u0628\u0627\u0628 \u0627\u0644\u0635\u0627\u0644\u0648\u0646<\/figcaption><\/figure><\/div><div class=\"swiper-slide\" role=\"group\" aria-roledescription=\"slide\" aria-label=\"3 sur 5\"><figure class=\"swiper-slide-inner\"><img class=\"swiper-slide-image swiper-lazy\" data-src=\"https:\/\/energical.dz\/wp-content\/uploads\/2023\/03\/Mask-group-29.png\" alt=\"Porte de chambre\" \/><div class=\"swiper-lazy-preloader\"><\/div><figcaption class=\"elementor-image-carousel-caption\">\u0628\u0627\u0628 \u063a\u0631\u0641\u0629 \u0627\u0644\u0646\u0648\u0645<\/figcaption><\/figure><\/div><div class=\"swiper-slide\" role=\"group\" aria-roledescription=\"slide\" aria-label=\"4 sur 5\"><figure class=\"swiper-slide-inner\"><img class=\"swiper-slide-image swiper-lazy\" data-src=\"https:\/\/energical.dz\/wp-content\/uploads\/2023\/03\/Porte-de-cuisine.jpg\" alt=\"Porte de salle de bain\" \/><div class=\"swiper-lazy-preloader\"><\/div><figcaption class=\"elementor-image-carousel-caption\">\u0628\u0627\u0628 \u0627\u0644\u062d\u0645\u0627\u0645<\/figcaption><\/figure><\/div><div class=\"swiper-slide\" role=\"group\" aria-roledescription=\"slide\" aria-label=\"5 sur 5\"><figure class=\"swiper-slide-inner\"><img class=\"swiper-slide-image swiper-lazy\" data-src=\"https:\/\/energical.dz\/wp-content\/uploads\/2023\/03\/Mask-group-10.jpg\" alt=\"Porte de cuisine\" \/><div class=\"swiper-lazy-preloader\"><\/div><figcaption class=\"elementor-image-carousel-caption\">\u0628\u0627\u0628 \u0627\u0644\u0645\u0637\u0628\u062e<\/figcaption><\/figure><\/div>\t\t\t<\/div>\n\t\t\t\t\t\t\t\n\t\t\t\t\t\t\t\t\t<\/div>\n\t\t\t\t\t\t<\/div>\n\t\t\t\t<\/div>\n\t\t\t\t\t<\/div>\n\t\t<\/div>\n\t\t\t\t\t<\/div>\n\t\t<\/section>\n\t\t\t\t<section class=\"elementor-section elementor-top-section elementor-element elementor-element-e05eee6 elementor-section-boxed elementor-section-height-default elementor-section-height-default\" data-id=\"e05eee6\" data-element_type=\"section\" data-e-type=\"section\">\n\t\t\t\t\t\t<div class=\"elementor-container elementor-column-gap-default\">\n\t\t\t\t\t<div class=\"elementor-column elementor-col-50 elementor-top-column elementor-element elementor-element-71e044e\" data-id=\"71e044e\" data-element_type=\"column\" data-e-type=\"column\">\n\t\t\t<div class=\"elementor-widget-wrap elementor-element-populated\">\n\t\t\t\t\t\t<div class=\"elementor-element elementor-element-199bfb1 elementor-widget__width-auto elementor-widget elementor-widget-image\" data-id=\"199bfb1\" data-element_type=\"widget\" data-e-type=\"widget\" data-widget_type=\"image.default\">\n\t\t\t\t<div class=\"elementor-widget-container\">\n\t\t\t\t\t\t\t\t\t\t\t\t\t\t\t<img decoding=\"async\" width=\"535\" height=\"294\" src=\"https:\/\/energical.dz\/wp-content\/uploads\/2023\/03\/01-Web-Showcase-Mockup-1-1.png\" class=\"attachment-large size-large wp-image-1322\" alt=\"Energical website\" srcset=\"https:\/\/energical.dz\/wp-content\/uploads\/2023\/03\/01-Web-Showcase-Mockup-1-1.png 535w, https:\/\/energical.dz\/wp-content\/uploads\/2023\/03\/01-Web-Showcase-Mockup-1-1-300x165.png 300w\" sizes=\"(max-width: 535px) 100vw, 535px\" \/>\t\t\t\t\t\t\t\t\t\t\t\t\t\t\t<\/div>\n\t\t\t\t<\/div>\n\t\t\t\t\t<\/div>\n\t\t<\/div>\n\t\t\t\t<div class=\"elementor-column elementor-col-50 elementor-top-column elementor-element elementor-element-0cf484c\" data-id=\"0cf484c\" data-element_type=\"column\" data-e-type=\"column\">\n\t\t\t<div class=\"elementor-widget-wrap elementor-element-populated\">\n\t\t\t\t\t\t<section class=\"elementor-section elementor-inner-section elementor-element elementor-element-0d5483b elementor-section-height-min-height elementor-section-boxed elementor-section-height-default\" data-id=\"0d5483b\" data-element_type=\"section\" data-e-type=\"section\">\n\t\t\t\t\t\t<div class=\"elementor-container elementor-column-gap-no\">\n\t\t\t\t\t<div class=\"elementor-column elementor-col-50 elementor-inner-column elementor-element elementor-element-825f9c4\" data-id=\"825f9c4\" data-element_type=\"column\" data-e-type=\"column\">\n\t\t\t<div class=\"elementor-widget-wrap elementor-element-populated\">\n\t\t\t\t\t\t<div class=\"elementor-element elementor-element-9bbd622 elementor-widget__width-auto elementor-widget elementor-widget-text-editor\" data-id=\"9bbd622\" data-element_type=\"widget\" data-e-type=\"widget\" data-widget_type=\"text-editor.default\">\n\t\t\t\t<div class=\"elementor-widget-container\">\n\t\t\t\t\t\t\t\t\t\u064a\u0645\u0643\u0646\u0643 \u0639\u0631\u0636 \u0627\u0644\u0645\u062c\u0645\u0648\u0639\u0629 \u0627\u0644\u0643\u0627\u0645\u0644\u0629 \u0645\u0646 \u0627\u0644\u0645\u0646\u062a\u062c\u0627\u062a \u0639\u0644\u0649 \u0645\u0648\u0642\u0639\u0646\u0627 <a href=\"https:\/\/energical.com\/\" target=\"_blank\">\u0645\u0648\u0642\u0639 \u0627\u0644\u062a\u062c\u0627\u0631\u0629 \u0627\u0644\u0625\u0644\u0643\u062a\u0631\u0648\u0646\u064a\u0629<\/a>\t\t\t\t\t\t\t\t<\/div>\n\t\t\t\t<\/div>\n\t\t\t\t\t<\/div>\n\t\t<\/div>\n\t\t\t\t<div class=\"elementor-column elementor-col-50 elementor-inner-column elementor-element elementor-element-54a5969\" data-id=\"54a5969\" data-element_type=\"column\" data-e-type=\"column\">\n\t\t\t<div class=\"elementor-widget-wrap elementor-element-populated\">\n\t\t\t\t\t\t<div class=\"elementor-element elementor-element-4e1b350 elementor-widget__width-auto elementor-widget elementor-widget-button\" data-id=\"4e1b350\" data-element_type=\"widget\" data-e-type=\"widget\" data-widget_type=\"button.default\">\n\t\t\t\t<div class=\"elementor-widget-container\">\n\t\t\t\t\t\t\t\t\t<div class=\"elementor-button-wrapper\">\n\t\t\t\t\t<a class=\"elementor-button elementor-button-link elementor-size-md\" href=\"https:\/\/energical.com\/\" target=\"_blank\">\n\t\t\t\t\t\t<span class=\"elementor-button-content-wrapper\">\n\t\t\t\t\t\t\t\t\t<span class=\"elementor-button-text\">Energical.com<\/span>\n\t\t\t\t\t<\/span>\n\t\t\t\t\t<\/a>\n\t\t\t\t<\/div>\n\t\t\t\t\t\t\t\t<\/div>\n\t\t\t\t<\/div>\n\t\t\t\t\t<\/div>\n\t\t<\/div>\n\t\t\t\t\t<\/div>\n\t\t<\/section>\n\t\t\t\t\t<\/div>\n\t\t<\/div>\n\t\t\t\t\t<\/div>\n\t\t<\/section>\n\t\t\t\t<\/div>","protected":false},"excerpt":{"rendered":"<p>menuiserie Energical vous propose des portes en MDF qui r\u00e9pondent \u00e0 tous les go\u00fbts et styles de maisons, notamment des portes de salons, des portes de cuisine, et des portes de chambres et chambres d&rsquo;enfants. Nos portes sont fabriqu\u00e9es sur mesure avec des mat\u00e9riaux de qualit\u00e9 sup\u00e9rieure pour offrir une durabilit\u00e9, une r\u00e9sistance aux intemp\u00e9ries [&hellip;]<\/p>\n","protected":false},"author":1,"featured_media":0,"parent":0,"menu_order":0,"comment_status":"closed","ping_status":"closed","template":"","meta":{"_acf_changed":false,"_seopress_robots_primary_cat":"","_seopress_titles_title":"","_seopress_titles_desc":"","_seopress_robots_index":"","inline_featured_image":false,"footnotes":""},"class_list":["post-1508","page","type-page","status-publish","hentry"],"acf":[],"_links":{"self":[{"href":"https:\/\/energical.dz\/ar\/wp-json\/wp\/v2\/pages\/1508","targetHints":{"allow":["GET"]}}],"collection":[{"href":"https:\/\/energical.dz\/ar\/wp-json\/wp\/v2\/pages"}],"about":[{"href":"https:\/\/energical.dz\/ar\/wp-json\/wp\/v2\/types\/page"}],"author":[{"embeddable":true,"href":"https:\/\/energical.dz\/ar\/wp-json\/wp\/v2\/users\/1"}],"replies":[{"embeddable":true,"href":"https:\/\/energical.dz\/ar\/wp-json\/wp\/v2\/comments?post=1508"}],"version-history":[{"count":0,"href":"https:\/\/energical.dz\/ar\/wp-json\/wp\/v2\/pages\/1508\/revisions"}],"wp:attachment":[{"href":"https:\/\/energical.dz\/ar\/wp-json\/wp\/v2\/media?parent=1508"}],"curies":[{"name":"wp","href":"https:\/\/api.w.org\/{rel}","templated":true}]}}