{"id":1910,"date":"2023-03-20T15:17:49","date_gmt":"2023-03-20T14:17:49","guid":{"rendered":"https:\/\/energical.dz\/?page_id=1910"},"modified":"2023-07-19T17:06:11","modified_gmt":"2023-07-19T15:06:11","slug":"rejoindre-notre-reseau","status":"publish","type":"page","link":"https:\/\/energical.dz\/ar\/rejoindre-notre-reseau\/","title":{"rendered":"\u0627\u0646\u0636\u0645 \u0625\u0644\u0649 \u0634\u0628\u0643\u062a\u0646\u0627"},"content":{"rendered":"<div data-elementor-type=\"wp-page\" data-elementor-id=\"1910\" class=\"elementor elementor-1910\" data-elementor-post-type=\"page\">\n\t\t\t\t\t\t<section class=\"elementor-section elementor-top-section elementor-element elementor-element-582fe11 elementor-section-height-min-height elementor-section-boxed elementor-section-height-default elementor-section-items-middle\" data-id=\"582fe11\" data-element_type=\"section\" data-e-type=\"section\" data-settings=\"{&quot;background_background&quot;:&quot;classic&quot;}\">\n\t\t\t\t\t\t<div class=\"elementor-container elementor-column-gap-default\">\n\t\t\t\t\t<div class=\"elementor-column elementor-col-100 elementor-top-column elementor-element elementor-element-020381f\" data-id=\"020381f\" data-element_type=\"column\" data-e-type=\"column\">\n\t\t\t<div class=\"elementor-widget-wrap elementor-element-populated\">\n\t\t\t\t\t\t<div class=\"elementor-element elementor-element-355b0ad elementor-widget elementor-widget-heading\" data-id=\"355b0ad\" data-element_type=\"widget\" data-e-type=\"widget\" data-widget_type=\"heading.default\">\n\t\t\t\t<div class=\"elementor-widget-container\">\n\t\t\t\t\t<h2 class=\"elementor-heading-title elementor-size-default\">\u0627\u0646\u0636\u0645 \u0625\u0644\u0649 \u0634\u0628\u0643\u062a\u0646\u0627 <\/h2>\t\t\t\t<\/div>\n\t\t\t\t<\/div>\n\t\t\t\t\t<\/div>\n\t\t<\/div>\n\t\t\t\t\t<\/div>\n\t\t<\/section>\n\t\t\t\t<section class=\"elementor-section elementor-top-section elementor-element elementor-element-67393e7 elementor-section-height-min-height elementor-section-boxed elementor-section-height-default elementor-section-items-middle\" data-id=\"67393e7\" data-element_type=\"section\" data-e-type=\"section\">\n\t\t\t\t\t\t<div class=\"elementor-container elementor-column-gap-default\">\n\t\t\t\t\t<div class=\"elementor-column elementor-col-100 elementor-top-column elementor-element elementor-element-b8e82e0\" data-id=\"b8e82e0\" data-element_type=\"column\" data-e-type=\"column\">\n\t\t\t<div class=\"elementor-widget-wrap elementor-element-populated\">\n\t\t\t\t\t\t<div class=\"elementor-element elementor-element-9682187 elementor-widget elementor-widget-text-editor\" data-id=\"9682187\" data-element_type=\"widget\" data-e-type=\"widget\" data-widget_type=\"text-editor.default\">\n\t\t\t\t<div class=\"elementor-widget-container\">\n\t\t\t\t\t\t\t\t\t<p><span style=\"font-weight: 400;\">\u0646\u062d\u0646 \u0646\u062f\u0639\u0648\u0643 \u0644\u0644\u0627\u0646\u0636\u0645\u0627\u0645 \u0625\u0644\u0649 \u0634\u0628\u0643\u0629 \u062e\u062f\u0645\u0627\u062a \u0645\u0627 \u0628\u0639\u062f \u0627\u0644\u0628\u064a\u0639 \u0644\u062f\u064a\u0646\u0627 \u0644\u0644\u0645\u0633\u0627\u0639\u062f\u0629 \u0641\u064a \u062a\u0648\u0641\u064a\u0631 \u062c\u0648\u062f\u0629 \u062e\u062f\u0645\u0629 \u0644\u0627 \u0645\u062b\u064a\u0644 \u0644\u0647\u0627 \u0644\u0639\u0645\u0644\u0627\u0626\u0646\u0627. \u0625\u0630\u0627 \u0643\u0646\u062a \u0641\u0646\u064a\u064b\u0627 \u0623\u0648 \u0634\u0631\u0643\u0629 \u0645\u062a\u062e\u0635\u0635\u0629\u060c \u064a\u0645\u0643\u0646\u0643 \u0645\u0644\u0621 \u0627\u0644\u0646\u0645\u0648\u0630\u062c \u0627\u0644\u0625\u0644\u0643\u062a\u0631\u0648\u0646\u064a \u0627\u0644\u062e\u0627\u0635 \u0628\u0646\u0627. \u0633\u064a\u062a\u0635\u0644 \u0628\u0643 \u0623\u062d\u062f \u0623\u0639\u0636\u0627\u0621 \u0641\u0631\u064a\u0642\u0646\u0627 \u0644\u0627\u062d\u0642\u064b\u0627 \u0644\u0645\u0646\u0627\u0642\u0634\u0629 \u0634\u0631\u0648\u0637 \u0627\u0646\u062f\u0645\u0627\u062c\u0643 \u0641\u064a \u0634\u0628\u0643\u062a\u0646\u0627.<\/span><\/p>\t\t\t\t\t\t\t\t<\/div>\n\t\t\t\t<\/div>\n\t\t\t\t\t<\/div>\n\t\t<\/div>\n\t\t\t\t\t<\/div>\n\t\t<\/section>\n\t\t\t\t<section class=\"elementor-section elementor-top-section elementor-element elementor-element-638d3ea elementor-section-boxed elementor-section-height-default elementor-section-height-default\" data-id=\"638d3ea\" data-element_type=\"section\" data-e-type=\"section\">\n\t\t\t\t\t\t<div class=\"elementor-container elementor-column-gap-default\">\n\t\t\t\t\t<div class=\"elementor-column elementor-col-100 elementor-top-column elementor-element elementor-element-6a83e2a\" data-id=\"6a83e2a\" data-element_type=\"column\" data-e-type=\"column\">\n\t\t\t<div class=\"elementor-widget-wrap elementor-element-populated\">\n\t\t\t\t\t\t<div class=\"elementor-element elementor-element-ae62b2e elementor-widget elementor-widget-shortcode\" data-id=\"ae62b2e\" data-element_type=\"widget\" data-e-type=\"widget\" data-widget_type=\"shortcode.default\">\n\t\t\t\t<div class=\"elementor-widget-container\">\n\t\t\t\t\t\t\t<div class=\"elementor-shortcode\"><div id=\"form_success\" style=\"background-color:green; color:#fff;\"><\/div>\n<div id=\"form_error\" style=\"background-color:red; color:#fff;\"><\/div>\n<div class=\"register-form-partn\">\n   <div class=\"overlaypr\" style=\"display: none;\">\n      <div class=\"overlay__inner\">\n         <div class=\"overlay__content\"><span class=\"spinner\"><\/span><\/div>\n      <\/div>\n   <\/div>\n   <form id=\"reg-form\" action=\"\">\n      <input type=\"hidden\" id=\"_wpnonce\" name=\"_wpnonce\" value=\"483af4ea4d\" \/><input type=\"hidden\" name=\"_wp_http_referer\" value=\"\/ar\/wp-json\/wp\/v2\/pages\/1910\" \/>      <div id=\"datapartn\" data-fetch-url=\"https:\/\/energical.dz\/wp-content\/plugins\/partenaire\/includes\/algeria_cities.json\" data-rest-url=\"https:\/\/energical.dz\/ar\/wp-json\/v1\/parten\/submit\" ><\/div>\n      <div id=\"reg-form-field_1-container\" class=\"file-upload\" >\n         <input id=\"lgup\" name=\"logo\" type=\"file\" accept=\"image\/*\"  style=\"display: none;\"\/>\n         <div class=\"imgpartn\">\n            <label class=\"ff\" for=\"reg-form-field_1\">\u0635\u0648\u0631\u062a\u0643 \u0623\u0648 \u0634\u0639\u0627\u0631\u0643<\/label> \n            <div class=\"imgupl\">\n               <div class=\"logo\">\n               <\/div>\n            <\/div>\n            <label class=\"label-ar\">\u0635\u0648\u0631\u062a\u0643 \u0627\u0648 \u0627\u0644\u0645\u0624\u0633\u0633\u0629 \u0627\u0644\u0648\u0637\u0646\u064a\u0629<\/label>\t  \n         <\/div>\n         <div class=\"label-flex\">\n            <label class=\"ff\">\u0627\u0644\u0627\u0633\u0645 \u0627\u0644\u0623\u062e\u064a\u0631 \u0627\u0644\u0627\u0633\u0645 \u0627\u0644\u0623\u0648\u0644 \u0623\u0648 \u0627\u0633\u0645 \u0627\u0644\u0634\u0631\u0643\u0629<\/label>\n            <input type=\"text\" id=\"name\" name=\"name\" placeholder=\"\" >\n            <label class=\"label-ar\">\u0627\u0644\u0627\u0633\u0645 \u0627\u0644\u0643\u0627\u0645\u0644 \u0627\u0648 \u0627\u0633\u0645 \u0627\u0644\u0634\u0631\u0643\u0629<\/label>\t   \n         <\/div>\n         <div class=\"label-flex\">\n            <label class=\"ff\">\u0628\u0631\u064a\u062f \u0625\u0644\u0643\u062a\u0631\u0648\u0646\u064a<\/label>\n            <input type=\"text\" name=\"email\" placeholder=\"\" >\n            <label class=\"label-ar\">\u0627\u0644\u0628\u0631\u064a\u062f \u0627\u0644\u0627\u0644\u0643\u062a\u0631\u0648\u0646\u064a<\/label> \n         <\/div>\n         <div class=\"label-flex\">\n            <label class=\"ff\">\u0631\u0642\u0645 \u0627\u0644\u0647\u0627\u062a\u0641 1<\/label>\n            <input type=\"text\" name=\"phone\" placeholder=\"\" >\n            <label class=\"label-ar\">\u0631\u0642\u0645 \u0627\u0644\u0647\u0627\u062a\u0641 1<\/label> \t   \n         <\/div>\n         <div class=\"label-flex\">\n            <label class=\"ff\" >\u0631\u0642\u0645 \u0627\u0644\u0647\u0627\u062a\u0641 2<\/label>\n            <input type=\"text\" name=\"phonend\" placeholder=\"\" >\n            <label class=\"label-ar\">\u0631\u0642\u0645 \u0627\u0644\u0647\u0627\u062a\u0641 2<\/label> \t\n         <\/div>\n         <div class=\"label-flex\">\n            <label class=\"ff\" >\u0631\u0642\u0645 \u0627\u0644\u0647\u0627\u062a\u0641 3<\/label>\n            <input type=\"text\" name=\"phonerd\" placeholder=\"\" >\n            <label class=\"label-ar\">\u0631\u0642\u0645 \u0627\u0644\u0647\u0627\u062a\u0641 3<\/label> \t\n         <\/div>\n         <div class=\"label-flex\">\n            <label class=\"ff\">\u0639\u0646\u0648\u0627\u0646<\/label>\n            <input type=\"text\" id=\"adresse\" name=\"adresse\" placeholder=\"\" >\n            <label class=\"label-ar\">\u0639\u0646\u0648\u0627\u0646 \u0627\u0644\u0639\u0646\u0648\u0627\u0646<\/label>\n         <\/div>\n                  <div class=\"form-field-container\">\n            <div class=\"label-flex\">\n               <label class=\"ff\" >\u062a\u062e\u0635\u0635<\/label>\n               <select  name=\"spec\" class=\"select-spc\" placeholder=\"                   \">\n                  <option value=\"\"><\/option>\n                  <option value=\"28\">\u0627\u0644\u0633\u0628\u0627\u0643\u0629 - \u0633\u0628\u0627\u0643\u0629<\/option><option value=\"29\">\u0646\u062c\u0627\u0631\u0629 - \u0646\u062c\u0627\u0631\u0629<\/option><option value=\"30\">\u0643\u0647\u0631\u0628\u0627\u0621 -<\/option>               <\/select>\n               <label class=\"label-ar\">\u0627\u0644\u062a\u062e\u0635\u0635<\/label>\t \n            <\/div>\n         <\/div>\n         <div class=\"label-flex\">\n            <label for=\"wilaya\" class=\"ff\">\u0648\u0644\u0627\u064a\u0629<\/label>\n            <select  id=\"select-wilaya\" placeholder=\"\">\n               <option value=\"\"><\/option>\n               <option value=\"01\">\u0623\u062f\u0631\u0627\u0631<\/option>\n               <option value=\"02\">\u0627\u0644\u0634\u0644\u0641<\/option>\n               <option value=\"03\">\u0627\u0644\u0623\u063a\u0648\u0627\u0637<\/option>\n               <option value=\"04\">\u0627\u0645 \u0627\u0644\u0628\u0648\u0627\u0642\u064a<\/option>\n               <option value=\"05\">\u0628\u0627\u062a\u0646\u0629<\/option>\n               <option value=\"06\">\u0628\u062c\u0627\u064a\u0629<\/option>\n               <option value=\"07\">\u0628\u0633\u0643\u0631\u0629<\/option>\n               <option value=\"08\">\u0628\u0634\u0627\u0631<\/option>\n               <option value=\"09\">\u0627\u0644\u0628\u0644\u064a\u062f\u0629<\/option>\n               <option value=\"10\">\u0627\u0644\u0628\u0648\u064a\u0631\u0629<\/option>\n               <option value=\"11\">\u062a\u0645\u0646\u0631\u0627\u0633\u062a<\/option>\n               <option value=\"12\">\u062a\u0628\u0633\u0629<\/option>\n               <option value=\"13\">\u062a\u0644\u0645\u0633\u0627\u0646<\/option>\n               <option value=\"14\">\u062a\u064a\u0627\u0631\u062a<\/option>\n               <option value=\"15\">\u062a\u064a\u0632\u064a \u0648\u0632\u0648<\/option>\n               <option value=\"16\">\u0627\u0644\u062c\u0632\u0627\u0626\u0631<\/option>\n               <option value=\"17\">\u0627\u0644\u062c\u0644\u0641\u0629<\/option>\n               <option value=\"18\">\u062c\u064a\u062c\u0644<\/option>\n               <option value=\"19\">\u0633\u0637\u064a\u0641<\/option>\n               <option value=\"20\">\u0635\u064a\u062f\u0627<\/option>\n               <option value=\"21\">\u0633\u0643\u064a\u0643\u062f\u0629<\/option>\n               <option value=\"22\">\u0633\u064a\u062f\u064a \u0628\u0644\u0639\u0628\u0627\u0633<\/option>\n               <option value=\"23\">\u0639\u0646\u0627\u0628\u0629<\/option>\n               <option value=\"24\">\u0642\u0627\u0644\u0645\u0629<\/option>\n               <option value=\"25\">\u0642\u0633\u0646\u0637\u064a\u0646\u0629<\/option>\n               <option value=\"26\">\u0627\u0644\u0645\u062f\u064a\u0629<\/option>\n               <option value=\"27\">\u0645\u0633\u062a\u063a\u0627\u0646\u0645<\/option>\n               <option value=\"28\">\u0627\u0644\u0645\u0633\u064a\u0644\u0629<\/option>\n               <option value=\"29\">\u0645\u0627\u0633\u0643\u0627\u0631\u0627<\/option>\n               <option value=\"30\">\u0648\u0631\u0642\u0644\u0629<\/option>\n               <option value=\"31\">\u0648\u0647\u0631\u0627\u0646<\/option>\n               <option value=\"32\">\u0627\u0644\u0628\u064a\u0627\u0636<\/option>\n               <option value=\"33\">\u0625\u0644\u064a\u0632\u064a<\/option>\n               <option value=\"34\">\u0628\u0631\u062c \u0628\u0648\u0639\u0631\u064a\u0631\u064a\u062c<\/option>\n               <option value=\"35\">\u0628\u0648\u0645\u0631\u062f\u0627\u0633<\/option>\n               <option value=\"36\">\u0627\u0644\u0637\u0627\u0631\u0641<\/option>\n               <option value=\"37\">\u062a\u0646\u062f\u0648\u0641<\/option>\n               <option value=\"38\">\u062a\u064a\u0633\u0645\u0633\u064a\u0644\u062a<\/option>\n               <option value=\"39\">\u0627\u0644\u0648\u0627\u062f<\/option>\n               <option value=\"40\">\u062e\u0646\u0634\u0644\u0629<\/option>\n               <option value=\"41\">\u0633\u0648\u0642 \u0623\u0647\u0631\u0627\u0633<\/option>\n               <option value=\"42\">\u062a\u064a\u0628\u0627\u0632\u0629<\/option>\n               <option value=\"43\">\u0645\u064a\u0644\u0629<\/option>\n               <option value=\"44\">\u0639\u064a\u0646 \u0627\u0644\u062f\u0641\u0644\u0649<\/option>\n               <option value=\"45\">\u0646\u0639\u0645\u0629<\/option>\n               <option value=\"46\">\u0639\u064a\u0646 \u062a\u0645\u0648\u0634\u0646\u062a<\/option>\n               <option value=\"47\">\u063a\u0631\u062f\u0627\u064a\u0629<\/option>\n               <option value=\"48\">\u063a\u0644\u064a\u0632\u0627\u0646<\/option>\n               <option value=\"49\">\u062a\u064a\u0645\u064a\u0645\u0648\u0646<\/option>\n               <option value=\"50\">\u0628\u0631\u062c \u0628\u0627\u062c\u064a \u0645\u062e\u062a\u0627\u0631<\/option>\n               <option value=\"51\">\u0623\u0648\u0644\u0627\u062f \u062c\u0644\u0627\u0644<\/option>\n               <option value=\"52\">\u0639\u0628\u0627\u0633 \u0627\u0644\u0645\u0628\u0627\u0631\u0643<\/option>\n               <option value=\"53\">\u0641\u064a \u0635\u0644\u0627\u062d<\/option>\n               <option value=\"54\">\u0641\u064a \u0642\u0632\u0627\u0645<\/option>\n               <option value=\"55\">\u062a\u0642\u0631\u062a<\/option>\n               <option value=\"56\">\u062c\u0627\u0646\u064a\u062a<\/option>\n               <option value=\"57\">\u0627\u0644\u0645\u063a\u064a\u0631<\/option>\n               <option value=\"58\">\u0627\u0644\u0645\u0646\u064a\u0627<\/option>\n            <\/select>\n            <label class=\"label-ar\">\u062f\u0631\u062c\u0629 \u0627\u0644\u062d\u0631\u0627\u0631\u0629<\/label>\n         <\/div>\n         <input type=\"hidden\" id=\"custwil\" name=\"custwil\" value=\"\">\n         <div class=\"label-flex\">\n            <label for=\"commune\" class=\"ff\">\u0627\u0644\u0628\u0644\u062f\u064a\u0629<\/label>\n            <select name=\"selectc\" id=\"select-com\" placeholder=\"S\u00e9lectionner une commune...\">\n               <option value=\"\" ><\/option>\n            <\/select>\n            <label class=\"label-ar\"> \u0648\u0644\u0627\u062f\u0629<\/label>\t \n         <\/div>\n         <div class=\"label-flex\">\n            <label for=\"wilaya\"  class=\"ff\"> \u0648\u0644\u0627\u064a\u0627\u062a \u0627\u0644\u062f\u0639\u0645:<\/label>\n            <select  id=\"select-prwilaya\"  >\n               <option value=\"\" ><\/option>\n               <option value=\"01\">\u0623\u062f\u0631\u0627\u0631<\/option>\n               <option value=\"02\">\u0627\u0644\u0634\u0644\u0641<\/option>\n               <option value=\"03\">\u0627\u0644\u0623\u063a\u0648\u0627\u0637<\/option>\n               <option value=\"04\">\u0627\u0645 \u0627\u0644\u0628\u0648\u0627\u0642\u064a<\/option>\n               <option value=\"05\">\u0628\u0627\u062a\u0646\u0629<\/option>\n               <option value=\"06\">\u0628\u062c\u0627\u064a\u0629<\/option>\n               <option value=\"07\">\u0628\u0633\u0643\u0631\u0629<\/option>\n               <option value=\"08\">\u0628\u0634\u0627\u0631<\/option>\n               <option value=\"09\">\u0627\u0644\u0628\u0644\u064a\u062f\u0629<\/option>\n               <option value=\"10\">\u0627\u0644\u0628\u0648\u064a\u0631\u0629<\/option>\n               <option value=\"11\">\u062a\u0645\u0646\u0631\u0627\u0633\u062a<\/option>\n               <option value=\"12\">\u062a\u0628\u0633\u0629<\/option>\n               <option value=\"13\">\u062a\u0644\u0645\u0633\u0627\u0646<\/option>\n               <option value=\"14\">\u062a\u064a\u0627\u0631\u062a<\/option>\n               <option value=\"15\">\u062a\u064a\u0632\u064a \u0648\u0632\u0648<\/option>\n               <option value=\"16\">\u0627\u0644\u062c\u0632\u0627\u0626\u0631<\/option>\n               <option value=\"17\">\u0627\u0644\u062c\u0644\u0641\u0629<\/option>\n               <option value=\"18\">\u062c\u064a\u062c\u0644<\/option>\n               <option value=\"19\">\u0633\u0637\u064a\u0641<\/option>\n               <option value=\"20\">\u0635\u064a\u062f\u0627<\/option>\n               <option value=\"21\">\u0633\u0643\u064a\u0643\u062f\u0629<\/option>\n               <option value=\"22\">\u0633\u064a\u062f\u064a \u0628\u0644\u0639\u0628\u0627\u0633<\/option>\n               <option value=\"23\">\u0639\u0646\u0627\u0628\u0629<\/option>\n               <option value=\"24\">\u0642\u0627\u0644\u0645\u0629<\/option>\n               <option value=\"25\">\u0642\u0633\u0646\u0637\u064a\u0646\u0629<\/option>\n               <option value=\"26\">\u0627\u0644\u0645\u062f\u064a\u0629<\/option>\n               <option value=\"27\">\u0645\u0633\u062a\u063a\u0627\u0646\u0645<\/option>\n               <option value=\"28\">\u0627\u0644\u0645\u0633\u064a\u0644\u0629<\/option>\n               <option value=\"29\">\u0645\u0627\u0633\u0643\u0627\u0631\u0627<\/option>\n               <option value=\"30\">\u0648\u0631\u0642\u0644\u0629<\/option>\n               <option value=\"31\">\u0648\u0647\u0631\u0627\u0646<\/option>\n               <option value=\"32\">\u0627\u0644\u0628\u064a\u0627\u0636<\/option>\n               <option value=\"33\">\u0625\u0644\u064a\u0632\u064a<\/option>\n               <option value=\"34\">\u0628\u0631\u062c \u0628\u0648\u0639\u0631\u064a\u0631\u064a\u062c<\/option>\n               <option value=\"35\">\u0628\u0648\u0645\u0631\u062f\u0627\u0633<\/option>\n               <option value=\"36\">\u0627\u0644\u0637\u0627\u0631\u0641<\/option>\n               <option value=\"37\">\u062a\u0646\u062f\u0648\u0641<\/option>\n               <option value=\"38\">\u062a\u064a\u0633\u0645\u0633\u064a\u0644\u062a<\/option>\n               <option value=\"39\">\u0627\u0644\u0648\u0627\u062f<\/option>\n               <option value=\"40\">\u062e\u0646\u0634\u0644\u0629<\/option>\n               <option value=\"41\">\u0633\u0648\u0642 \u0623\u0647\u0631\u0627\u0633<\/option>\n               <option value=\"42\">\u062a\u064a\u0628\u0627\u0632\u0629<\/option>\n               <option value=\"43\">\u0645\u064a\u0644\u0629<\/option>\n               <option value=\"44\">\u0639\u064a\u0646 \u0627\u0644\u062f\u0641\u0644\u0649<\/option>\n               <option value=\"45\">\u0646\u0639\u0645\u0629<\/option>\n               <option value=\"46\">\u0639\u064a\u0646 \u062a\u0645\u0648\u0634\u0646\u062a<\/option>\n               <option value=\"47\">\u063a\u0631\u062f\u0627\u064a\u0629<\/option>\n               <option value=\"48\">\u063a\u0644\u064a\u0632\u0627\u0646<\/option>\n               <option value=\"49\">\u062a\u064a\u0645\u064a\u0645\u0648\u0646<\/option>\n               <option value=\"50\">\u0628\u0631\u062c \u0628\u0627\u062c\u064a \u0645\u062e\u062a\u0627\u0631<\/option>\n               <option value=\"51\">\u0623\u0648\u0644\u0627\u062f \u062c\u0644\u0627\u0644<\/option>\n               <option value=\"52\">\u0639\u0628\u0627\u0633 \u0627\u0644\u0645\u0628\u0627\u0631\u0643<\/option>\n               <option value=\"53\">\u0641\u064a \u0635\u0644\u0627\u062d<\/option>\n               <option value=\"54\">\u0641\u064a \u0642\u0632\u0627\u0645<\/option>\n               <option value=\"55\">\u062a\u0642\u0631\u062a<\/option>\n               <option value=\"56\">\u062c\u0627\u0646\u064a\u062a<\/option>\n               <option value=\"57\">\u0627\u0644\u0645\u063a\u064a\u0631<\/option>\n               <option value=\"58\">\u0627\u0644\u0645\u0646\u064a\u0627<\/option>\n            <\/select>\n            <label class=\"label-ar\"> \u0627\u0644\u0648\u0644\u0627\u064a\u0627\u062a \u0627\u0644\u0645\u062a\u062d\u062f\u0629 \u0627\u0644\u062a\u064a \u062a\u0639\u0645\u0644 \u0641\u064a\u0647\u0627<\/label>\n         <\/div>\n         <div class=\"multiple-list-wil\"><\/div>\n         <input type=\"hidden\" id=\"wilprise\" name=\"wilprise\" value=\"\">\n         <div class=\"file\">\n            <div class=\"aa\">\n               <label for=\"myfile\" class=\"ll\">\u0627\u0644\u0633\u062c\u0644 \u0627\u0644\u062a\u062c\u0627\u0631\u064a \u0623\u0648<br> \n               \u0628\u0637\u0627\u0642\u0629 \u062d\u0631\u0641\u064a <\/label>\n            <\/div>\n            <div class=\"fileupl\">\n               <label for=\"file-upload-1\" class=\"file-label\">\n                  <div class=\"logo\"><\/div>\n                  <input type=\"file\" id=\"file-upload-1\" name=\"file-upload-1\" class=\"file-upload\"  style=\"display:none;\">\n               <\/label>\n               <p id=\"filename-1\" class=\"filename\" ><\/p>\n            <\/div>\n            <div class=\"aa\">\n               <label for=\"myfile\" class=\"label-ar\">\u0633\u062c\u0644 \u062a\u062c\u0627\u0631\u064a \u0623\u0648 \u0628\u0637\u0627\u0642\u0629 \u0645\u0647\u0646\u064a\u0629<\/label>\n            <\/div>\n         <\/div>\n         <div class=\"file\">\n            <div class=\"aa\">\n               <label for=\"myfile\" class=\"ll\">\u0627\u0644\u0634\u0647\u0627\u062f\u0629 \u0623\u0648 \u0627\u0644\u0645\u0648\u0627\u0641\u0642\u0629 1 <\/label>\n            <\/div>\n            <div class=\"fileupl\">\n               <label for=\"file-upload-2\" class=\"file-label\">\n                  <div class=\"logo\"><\/div>\n                  <input type=\"file\" id=\"file-upload-2\" name=\"file-upload-2\" class=\"file-upload\"  style=\"display:none;\">\n               <\/label>\n               <p id=\"filename-2\" class=\"filename\" ><\/p>\n            <\/div>\n            <div class=\"aa\">\n               <label for=\"myfile\" class=\"label-ar\">\u0627\u0644\u062f\u0631\u062c\u0629 \u0623\u0648 \u0627\u0644\u0627\u0639\u062a\u0645\u0627\u062f 1<\/label>\n            <\/div>\n         <\/div>\n         <div class=\"file\">\n            <div class=\"aa\">\n               <label for=\"myfile\" class=\"ll\">\u0627\u0644\u0634\u0647\u0627\u062f\u0629 \u0623\u0648 \u0627\u0644\u0645\u0648\u0627\u0641\u0642\u0629 2 <\/label>\n            <\/div>\n            <div class=\"fileupl\">\n               <label for=\"file-upload-3\" class=\"file-label\">\n                  <div class=\"logo\"><\/div>\n                  <input type=\"file\" id=\"file-upload-3\" name=\"file-upload-3\" class=\"file-upload\"  style=\"display:none;\">\n               <\/label>\n               <p id=\"filename-3\" class=\"filename\" ><\/p>\n            <\/div>\n            <div class=\"aa\">\n               <label for=\"myfile\" class=\"label-ar\">\u0627\u0644\u062f\u0631\u062c\u0629 \u0623\u0648 \u0627\u0644\u0627\u0639\u062a\u0645\u0627\u062f 2<\/label>\n            <\/div>\n         <\/div>\n         <div class=\"file\">\n            <div class=\"aa\">\n               <label for=\"myfile\" class=\"ll\">3-\u0627\u0644\u0634\u0647\u0627\u062f\u0629 \u0623\u0648 \u0627\u0644\u0645\u0648\u0627\u0641\u0642\u0629 <\/label>\n            <\/div>\n            <div class=\"fileupl\">\n               <label for=\"file-upload-4\" class=\"file-label\">\n                  <div class=\"logo\"><\/div>\n                  <input type=\"file\" id=\"file-upload-4\"  name=\"file-upload-4\" class=\"file-upload\"  style=\"display:none;\">\n               <\/label>\n               <p id=\"filename-4\" class=\"filename\" ><\/p>\n            <\/div>\n            <div class=\"aa\">\n               <label for=\"myfile\" class=\"label-ar\">\u0627\u0644\u062f\u0631\u062c\u0629 \u0623\u0648 \u0627\u0644\u0627\u0639\u062a\u0645\u0627\u062f 3<\/label>\n            <\/div>\n         <\/div>\n         <div >\n            <button type=\"submit\" class=\"btn\">\u064a\u0631\u0633\u0644<\/button>\n         <\/div>\n         <div class=\"validation-error-msg\"><\/div>\n   <\/div>\n <input type=\"hidden\" name=\"trp-form-language\" value=\"ar\"\/><\/form>\n<\/div><\/div>\n\t\t\t\t\t\t<\/div>\n\t\t\t\t<\/div>\n\t\t\t\t\t<\/div>\n\t\t<\/div>\n\t\t\t\t\t<\/div>\n\t\t<\/section>\n\t\t\t\t<\/div>","protected":false},"excerpt":{"rendered":"<p>rejoindre notre r\u00e9seau Nous vous invitons \u00e0 rejoindre notre r\u00e9seau de services apr\u00e8s-vente pour contribuer \u00e0 offrir une qualit\u00e9 de service in\u00e9gal\u00e9e \u00e0 nos clients. Si vous \u00eates un technicien ou une entreprise sp\u00e9cialis\u00e9e, vous pouvez remplir notre formulaire en ligne. Un membre de notre \u00e9quipe vous contactera par la suite pour discuter des modalit\u00e9s [&hellip;]<\/p>\n","protected":false},"author":1,"featured_media":0,"parent":0,"menu_order":0,"comment_status":"closed","ping_status":"closed","template":"","meta":{"_acf_changed":false,"_seopress_robots_primary_cat":"","_seopress_titles_title":"","_seopress_titles_desc":"","_seopress_robots_index":"","inline_featured_image":false,"footnotes":""},"class_list":["post-1910","page","type-page","status-publish","hentry"],"acf":[],"_links":{"self":[{"href":"https:\/\/energical.dz\/ar\/wp-json\/wp\/v2\/pages\/1910","targetHints":{"allow":["GET"]}}],"collection":[{"href":"https:\/\/energical.dz\/ar\/wp-json\/wp\/v2\/pages"}],"about":[{"href":"https:\/\/energical.dz\/ar\/wp-json\/wp\/v2\/types\/page"}],"author":[{"embeddable":true,"href":"https:\/\/energical.dz\/ar\/wp-json\/wp\/v2\/users\/1"}],"replies":[{"embeddable":true,"href":"https:\/\/energical.dz\/ar\/wp-json\/wp\/v2\/comments?post=1910"}],"version-history":[{"count":0,"href":"https:\/\/energical.dz\/ar\/wp-json\/wp\/v2\/pages\/1910\/revisions"}],"wp:attachment":[{"href":"https:\/\/energical.dz\/ar\/wp-json\/wp\/v2\/media?parent=1910"}],"curies":[{"name":"wp","href":"https:\/\/api.w.org\/{rel}","templated":true}]}}