{"id":27,"date":"2023-02-19T15:44:22","date_gmt":"2023-02-19T14:44:22","guid":{"rendered":"https:\/\/energical.dz\/?page_id=27"},"modified":"2024-03-09T11:08:08","modified_gmt":"2024-03-09T10:08:08","slug":"a-propos","status":"publish","type":"page","link":"https:\/\/energical.dz\/ar\/a-propos\/","title":{"rendered":"\u0639\u0646 \u0627\u0644\u0634\u0631\u0643\u0629"},"content":{"rendered":"<div data-elementor-type=\"wp-page\" data-elementor-id=\"27\" class=\"elementor elementor-27\" data-elementor-post-type=\"page\">\n\t\t\t\t\t\t<section class=\"elementor-section elementor-top-section elementor-element elementor-element-d570abb elementor-section-height-min-height elementor-section-boxed elementor-section-height-default elementor-section-items-middle\" data-id=\"d570abb\" data-element_type=\"section\" data-e-type=\"section\" data-settings=\"{&quot;background_background&quot;:&quot;classic&quot;}\">\n\t\t\t\t\t\t<div class=\"elementor-container elementor-column-gap-default\">\n\t\t\t\t\t<div class=\"elementor-column elementor-col-100 elementor-top-column elementor-element elementor-element-6f447c5\" data-id=\"6f447c5\" data-element_type=\"column\" data-e-type=\"column\">\n\t\t\t<div class=\"elementor-widget-wrap elementor-element-populated\">\n\t\t\t\t\t\t<div class=\"elementor-element elementor-element-b79e673 elementor-widget elementor-widget-heading\" data-id=\"b79e673\" data-element_type=\"widget\" data-e-type=\"widget\" data-widget_type=\"heading.default\">\n\t\t\t\t<div class=\"elementor-widget-container\">\n\t\t\t\t\t<h2 class=\"elementor-heading-title elementor-size-default\">\u0639\u0646 \u0627\u0644\u0634\u0631\u0643\u0629<\/h2>\t\t\t\t<\/div>\n\t\t\t\t<\/div>\n\t\t\t\t\t<\/div>\n\t\t<\/div>\n\t\t\t\t\t<\/div>\n\t\t<\/section>\n\t\t\t\t<section class=\"elementor-section elementor-top-section elementor-element elementor-element-94a7316 elementor-section-height-min-height elementor-section-boxed elementor-section-height-default elementor-section-items-middle\" data-id=\"94a7316\" data-element_type=\"section\" data-e-type=\"section\" data-settings=\"{&quot;background_background&quot;:&quot;classic&quot;}\">\n\t\t\t\t\t\t<div class=\"elementor-container elementor-column-gap-default\">\n\t\t\t\t\t<div class=\"elementor-column elementor-col-100 elementor-top-column elementor-element elementor-element-524e255\" data-id=\"524e255\" data-element_type=\"column\" data-e-type=\"column\">\n\t\t\t<div class=\"elementor-widget-wrap elementor-element-populated\">\n\t\t\t\t\t\t<div class=\"elementor-element elementor-element-2cda57c elementor-widget elementor-widget-image\" data-id=\"2cda57c\" data-element_type=\"widget\" data-e-type=\"widget\" data-widget_type=\"image.default\">\n\t\t\t\t<div class=\"elementor-widget-container\">\n\t\t\t\t\t\t\t\t\t\t\t\t\t\t\t<img fetchpriority=\"high\" decoding=\"async\" width=\"800\" height=\"185\" src=\"https:\/\/energical.dz\/wp-content\/uploads\/2023\/03\/Frame-3-1024x237.png\" class=\"attachment-large size-large wp-image-519\" alt=\"\" srcset=\"https:\/\/energical.dz\/wp-content\/uploads\/2023\/03\/Frame-3-1024x237.png 1024w, https:\/\/energical.dz\/wp-content\/uploads\/2023\/03\/Frame-3-300x69.png 300w, https:\/\/energical.dz\/wp-content\/uploads\/2023\/03\/Frame-3-768x178.png 768w, https:\/\/energical.dz\/wp-content\/uploads\/2023\/03\/Frame-3-1536x356.png 1536w, https:\/\/energical.dz\/wp-content\/uploads\/2023\/03\/Frame-3-2048x474.png 2048w\" sizes=\"(max-width: 800px) 100vw, 800px\" \/>\t\t\t\t\t\t\t\t\t\t\t\t\t\t\t<\/div>\n\t\t\t\t<\/div>\n\t\t\t\t<div class=\"elementor-element elementor-element-38a8161 elementor-widget-divider--view-line elementor-widget elementor-widget-divider\" data-id=\"38a8161\" data-element_type=\"widget\" data-e-type=\"widget\" data-widget_type=\"divider.default\">\n\t\t\t\t<div class=\"elementor-widget-container\">\n\t\t\t\t\t\t\t<div class=\"elementor-divider\">\n\t\t\t<span class=\"elementor-divider-separator\">\n\t\t\t\t\t\t<\/span>\n\t\t<\/div>\n\t\t\t\t\t\t<\/div>\n\t\t\t\t<\/div>\n\t\t\t\t<div class=\"elementor-element elementor-element-32f3912 elementor-widget elementor-widget-text-editor\" data-id=\"32f3912\" data-element_type=\"widget\" data-e-type=\"widget\" data-widget_type=\"text-editor.default\">\n\t\t\t\t<div class=\"elementor-widget-container\">\n\t\t\t\t\t\t\t\t\t<p>Energical \u0647\u064a \u0634\u0631\u0643\u0629 \u062c\u0632\u0627\u0626\u0631\u064a\u0629 \u062a\u0645 \u0625\u0646\u0634\u0627\u0624\u0647\u0627 \u0639\u0627\u0645 2006. \u064a\u0642\u0639 \u0645\u0642\u0631\u0647\u0627 \u0641\u064a \u063a\u0631\u062f\u0627\u064a\u0629 \u0628\u0627\u0644\u062c\u0632\u0627\u0626\u0631 \u0648\u062a\u0642\u062f\u0645 \u062d\u0644\u0648\u0644\u0627\u064b \u0643\u0627\u0645\u0644\u0629 \u0648\u0645\u062a\u0643\u0627\u0645\u0644\u0629 \u0644\u0644\u0631\u0641\u0627\u0647\u064a\u0629 \u0641\u064a \u0627\u0644\u0645\u0646\u0632\u0644.<br \/>\u0645\u0646\u0630 \u0625\u0646\u0634\u0627\u0626\u0647\u0627\u060c \u0623\u0635\u0628\u062d\u062a \u062c\u0648\u062f\u0629 \u0645\u0646\u062a\u062c \u0627\u0644\u0637\u0627\u0642\u0629 \u0647\u064a \u0627\u0644\u0645\u0639\u064a\u0627\u0631 \u0641\u064a \u0627\u0644\u0633\u0648\u0642 \u0645\u0646 \u062d\u064a\u062b \u0627\u0644\u062c\u0648\u062f\u0629 \u0648\u0627\u0644\u0623\u0633\u0639\u0627\u0631 \u0627\u0644\u0645\u0639\u0642\u0648\u0644\u0629.<br \/>\u0644\u0642\u062f \u062a\u0645 \u0645\u0643\u0627\u0641\u0623\u0629 \u0627\u0644\u062a\u062d\u0633\u064a\u0646 \u0627\u0644\u0645\u0633\u062a\u0645\u0631 \u0644\u0646\u0638\u0627\u0645 \u0627\u0644\u0625\u062f\u0627\u0631\u0629 \u0648\u062c\u0648\u062f\u0629 \u0627\u0644\u0645\u0646\u062a\u062c \u0645\u0646 \u0642\u0628\u0644 \u0627\u0644\u0633\u0648\u0642 \u0639\u0627\u0645\u064b\u0627 \u0628\u0639\u062f \u0639\u0627\u0645.<br \/>\u0627\u0643\u062a\u0633\u0628\u062a \u0634\u0631\u0643\u0629 Energical \u0645\u0643\u0627\u0646\u0629 \u0642\u0648\u064a\u0629 \u0641\u064a \u0627\u0644\u0633\u0648\u0642\u060c \u0648\u0630\u0644\u0643 \u0628\u0641\u0636\u0644 \u0645\u062c\u0645\u0648\u0639\u062a\u0647\u0627 \u0627\u0644\u0648\u0627\u0633\u0639\u0629 \u0645\u0646 \u0627\u0644\u0645\u0646\u062a\u062c\u0627\u062a \u0627\u0644\u062a\u064a \u062a\u0642\u062f\u0645\u0647\u0627 \u0625\u0644\u0649 \u0627\u0644\u0642\u0627\u0626\u0645 \u0628\u0627\u0644\u062a\u0631\u0643\u064a\u0628 \u0648\u0627\u0644\u0645\u0633\u062a\u062e\u062f\u0645.<\/p>\t\t\t\t\t\t\t\t<\/div>\n\t\t\t\t<\/div>\n\t\t\t\t\t<\/div>\n\t\t<\/div>\n\t\t\t\t\t<\/div>\n\t\t<\/section>\n\t\t\t\t<section class=\"elementor-section elementor-top-section elementor-element elementor-element-ba7d54d elementor-section-height-min-height elementor-section-boxed elementor-section-height-default elementor-section-items-middle\" data-id=\"ba7d54d\" data-element_type=\"section\" data-e-type=\"section\" data-settings=\"{&quot;background_background&quot;:&quot;classic&quot;}\">\n\t\t\t\t\t\t<div class=\"elementor-container elementor-column-gap-default\">\n\t\t\t\t\t<div class=\"elementor-column elementor-col-100 elementor-top-column elementor-element elementor-element-e64e8e5\" data-id=\"e64e8e5\" data-element_type=\"column\" data-e-type=\"column\">\n\t\t\t<div class=\"elementor-widget-wrap elementor-element-populated\">\n\t\t\t\t\t\t<section class=\"elementor-section elementor-inner-section elementor-element elementor-element-229c03e elementor-section-boxed elementor-section-height-default elementor-section-height-default\" data-id=\"229c03e\" data-element_type=\"section\" data-e-type=\"section\" data-settings=\"{&quot;background_background&quot;:&quot;classic&quot;}\">\n\t\t\t\t\t\t<div class=\"elementor-container elementor-column-gap-default\">\n\t\t\t\t\t<div class=\"elementor-column elementor-col-100 elementor-inner-column elementor-element elementor-element-18843fb\" data-id=\"18843fb\" data-element_type=\"column\" data-e-type=\"column\">\n\t\t\t<div class=\"elementor-widget-wrap elementor-element-populated\">\n\t\t\t\t\t\t<div class=\"elementor-element elementor-element-1ea9b24 elementor-widget elementor-widget-heading\" data-id=\"1ea9b24\" data-element_type=\"widget\" data-e-type=\"widget\" data-widget_type=\"heading.default\">\n\t\t\t\t<div class=\"elementor-widget-container\">\n\t\t\t\t\t<h2 class=\"elementor-heading-title elementor-size-default\">2006<\/h2>\t\t\t\t<\/div>\n\t\t\t\t<\/div>\n\t\t\t\t<div class=\"elementor-element elementor-element-f9b043f elementor-widget elementor-widget-heading\" data-id=\"f9b043f\" data-element_type=\"widget\" data-e-type=\"widget\" data-widget_type=\"heading.default\">\n\t\t\t\t<div class=\"elementor-widget-container\">\n\t\t\t\t\t<h2 class=\"elementor-heading-title elementor-size-default\">\u062a\u0645 \u0625\u0646\u0634\u0627\u0624\u0647\u0627 \u0641\u064a \u0639\u0627\u0645 2006<\/h2>\t\t\t\t<\/div>\n\t\t\t\t<\/div>\n\t\t\t\t<div class=\"elementor-element elementor-element-4453154 elementor-widget elementor-widget-text-editor\" data-id=\"4453154\" data-element_type=\"widget\" data-e-type=\"widget\" data-widget_type=\"text-editor.default\">\n\t\t\t\t<div class=\"elementor-widget-container\">\n\t\t\t\t\t\t\t\t\t<p>\u0645\u062c\u0645\u0648\u0639\u0629 ENERGICAL \u0647\u064a \u0634\u0631\u0643\u0629 \u062c\u0632\u0627\u0626\u0631\u064a\u0629 \u0645\u062a\u062e\u0635\u0635\u0629 \u0641\u064a \u0627\u0644\u062d\u0644\u0648\u0644 \u0627\u0644\u0643\u0627\u0645\u0644\u0629 \u0648\u0627\u0644\u0645\u062a\u0643\u0627\u0645\u0644\u0629 \u0644\u0644\u0631\u0641\u0627\u0647\u064a\u0629 \u0641\u064a \u0627\u0644\u0645\u0646\u0632\u0644.<\/p>\t\t\t\t\t\t\t\t<\/div>\n\t\t\t\t<\/div>\n\t\t\t\t\t<\/div>\n\t\t<\/div>\n\t\t\t\t\t<\/div>\n\t\t<\/section>\n\t\t\t\t<section class=\"elementor-section elementor-inner-section elementor-element elementor-element-ea1ef16 elementor-section-boxed elementor-section-height-default elementor-section-height-default\" data-id=\"ea1ef16\" data-element_type=\"section\" data-e-type=\"section\" data-settings=\"{&quot;background_background&quot;:&quot;classic&quot;}\">\n\t\t\t\t\t\t<div class=\"elementor-container elementor-column-gap-default\">\n\t\t\t\t\t<div class=\"elementor-column elementor-col-100 elementor-inner-column elementor-element elementor-element-c701819\" data-id=\"c701819\" data-element_type=\"column\" data-e-type=\"column\">\n\t\t\t<div class=\"elementor-widget-wrap elementor-element-populated\">\n\t\t\t\t\t\t<div class=\"elementor-element elementor-element-ac8fa10 elementor-widget elementor-widget-heading\" data-id=\"ac8fa10\" data-element_type=\"widget\" data-e-type=\"widget\" data-widget_type=\"heading.default\">\n\t\t\t\t<div class=\"elementor-widget-container\">\n\t\t\t\t\t<h2 class=\"elementor-heading-title elementor-size-default\">04<\/h2>\t\t\t\t<\/div>\n\t\t\t\t<\/div>\n\t\t\t\t<div class=\"elementor-element elementor-element-8c2299c elementor-widget elementor-widget-heading\" data-id=\"8c2299c\" data-element_type=\"widget\" data-e-type=\"widget\" data-widget_type=\"heading.default\">\n\t\t\t\t<div class=\"elementor-widget-container\">\n\t\t\t\t\t<h2 class=\"elementor-heading-title elementor-size-default\">\u0639\u0644\u0649 \u0645\u0631 \u0627\u0644\u0633\u0646\u064a\u0646<\/h2>\t\t\t\t<\/div>\n\t\t\t\t<\/div>\n\t\t\t\t<div class=\"elementor-element elementor-element-216c5e0 elementor-widget elementor-widget-text-editor\" data-id=\"216c5e0\" data-element_type=\"widget\" data-e-type=\"widget\" data-widget_type=\"text-editor.default\">\n\t\t\t\t<div class=\"elementor-widget-container\">\n\t\t\t\t\t\t\t\t\t<p>\u0642\u0627\u0645\u062a \u0645\u062c\u0645\u0648\u0639\u0629 ENERGICAL \u0628\u062a\u0637\u0648\u064a\u0631 04 \u0645\u0647\u0646 \u062a\u0643\u0645\u064a\u0644\u064a\u0629 \u0645\u0631\u062a\u0628\u0637\u0629 \u0628\u0627\u0644\u0631\u0641\u0627\u0647\u064a\u0629 \u0641\u064a \u0627\u0644\u0645\u0646\u0632\u0644: \u0627\u0644\u063a\u0627\u0632 \u0648\u0627\u0644\u0643\u0647\u0631\u0628\u0627\u0621 \u0648\u0627\u0644\u062d\u0646\u0641\u064a\u0627\u062a \u0648\u0627\u0644\u0623\u062b\u0627\u062b.<\/p>\t\t\t\t\t\t\t\t<\/div>\n\t\t\t\t<\/div>\n\t\t\t\t\t<\/div>\n\t\t<\/div>\n\t\t\t\t\t<\/div>\n\t\t<\/section>\n\t\t\t\t<section class=\"elementor-section elementor-inner-section elementor-element elementor-element-82e0d15 elementor-section-boxed elementor-section-height-default elementor-section-height-default\" data-id=\"82e0d15\" data-element_type=\"section\" data-e-type=\"section\" data-settings=\"{&quot;background_background&quot;:&quot;classic&quot;}\">\n\t\t\t\t\t\t<div class=\"elementor-container elementor-column-gap-default\">\n\t\t\t\t\t<div class=\"elementor-column elementor-col-100 elementor-inner-column elementor-element elementor-element-d8dbe77\" data-id=\"d8dbe77\" data-element_type=\"column\" data-e-type=\"column\">\n\t\t\t<div class=\"elementor-widget-wrap elementor-element-populated\">\n\t\t\t\t\t\t<div class=\"elementor-element elementor-element-a843f7e elementor-widget elementor-widget-heading\" data-id=\"a843f7e\" data-element_type=\"widget\" data-e-type=\"widget\" data-widget_type=\"heading.default\">\n\t\t\t\t<div class=\"elementor-widget-container\">\n\t\t\t\t\t<h2 class=\"elementor-heading-title elementor-size-default\">20<\/h2>\t\t\t\t<\/div>\n\t\t\t\t<\/div>\n\t\t\t\t<div class=\"elementor-element elementor-element-aad7cdb elementor-widget elementor-widget-heading\" data-id=\"aad7cdb\" data-element_type=\"widget\" data-e-type=\"widget\" data-widget_type=\"heading.default\">\n\t\t\t\t<div class=\"elementor-widget-container\">\n\t\t\t\t\t<h2 class=\"elementor-heading-title elementor-size-default\">\u0641\u064a 20 \u0639\u0627\u0645\u0627 \u0645\u0646 \u0627\u0644\u0648\u062c\u0648\u062f<\/h2>\t\t\t\t<\/div>\n\t\t\t\t<\/div>\n\t\t\t\t<div class=\"elementor-element elementor-element-8a7cc71 elementor-widget elementor-widget-text-editor\" data-id=\"8a7cc71\" data-element_type=\"widget\" data-e-type=\"widget\" data-widget_type=\"text-editor.default\">\n\t\t\t\t<div class=\"elementor-widget-container\">\n\t\t\t\t\t\t\t\t\t<p>\u0646\u062c\u062d\u062a \u0634\u0631\u0643\u0629 ENERGICAL \u0641\u064a \u0648\u0636\u0639 \u0646\u0641\u0633\u0647\u0627 \u0643\u0648\u0627\u062d\u062f\u0629 \u0645\u0646 \u0627\u0644\u0634\u0631\u0643\u0627\u062a \u0627\u0644\u0631\u0627\u0626\u062f\u0629 \u0627\u0644\u062c\u0632\u0627\u0626\u0631\u064a\u0629.<\/p>\t\t\t\t\t\t\t\t<\/div>\n\t\t\t\t<\/div>\n\t\t\t\t\t<\/div>\n\t\t<\/div>\n\t\t\t\t\t<\/div>\n\t\t<\/section>\n\t\t\t\t<section class=\"elementor-section elementor-inner-section elementor-element elementor-element-1e0a987 elementor-section-boxed elementor-section-height-default elementor-section-height-default\" data-id=\"1e0a987\" data-element_type=\"section\" data-e-type=\"section\" data-settings=\"{&quot;background_background&quot;:&quot;classic&quot;}\">\n\t\t\t\t\t\t<div class=\"elementor-container elementor-column-gap-default\">\n\t\t\t\t\t<div class=\"elementor-column elementor-col-100 elementor-inner-column elementor-element elementor-element-85f1620\" data-id=\"85f1620\" data-element_type=\"column\" data-e-type=\"column\">\n\t\t\t<div class=\"elementor-widget-wrap elementor-element-populated\">\n\t\t\t\t\t\t<div class=\"elementor-element elementor-element-6a6be1e elementor-widget elementor-widget-heading\" data-id=\"6a6be1e\" data-element_type=\"widget\" data-e-type=\"widget\" data-widget_type=\"heading.default\">\n\t\t\t\t<div class=\"elementor-widget-container\">\n\t\t\t\t\t<h2 class=\"elementor-heading-title elementor-size-default\">800<\/h2>\t\t\t\t<\/div>\n\t\t\t\t<\/div>\n\t\t\t\t<div class=\"elementor-element elementor-element-ec91c40 elementor-widget elementor-widget-heading\" data-id=\"ec91c40\" data-element_type=\"widget\" data-e-type=\"widget\" data-widget_type=\"heading.default\">\n\t\t\t\t<div class=\"elementor-widget-container\">\n\t\t\t\t\t<h2 class=\"elementor-heading-title elementor-size-default\">\u0623\u0643\u062b\u0631 \u0645\u0646 800 \u0645\u0648\u0638\u0641<\/h2>\t\t\t\t<\/div>\n\t\t\t\t<\/div>\n\t\t\t\t<div class=\"elementor-element elementor-element-cc7bd09 elementor-widget elementor-widget-text-editor\" data-id=\"cc7bd09\" data-element_type=\"widget\" data-e-type=\"widget\" data-widget_type=\"text-editor.default\">\n\t\t\t\t<div class=\"elementor-widget-container\">\n\t\t\t\t\t\t\t\t\t<p>\u0648\u0627\u0644\u064a\u0648\u0645\u060c \u062a\u0636\u0645 \u0645\u062c\u0645\u0648\u0639\u0629 ENERGICAL Group \u0623\u0643\u062b\u0631 \u0645\u0646 800 \u0645\u0648\u0638\u0641 \u0645\u0646\u062a\u0634\u0631\u064a\u0646 \u0639\u0628\u0631 \u0627\u0644\u0643\u064a\u0627\u0646 \u0627\u0644\u0645\u0631\u0643\u0632\u064a (\u0627\u0644\u0625\u062f\u0627\u0631\u0629 \u0627\u0644\u0639\u0627\u0645\u0629) \u064810 \u0634\u0631\u0643\u0627\u062a \u062a\u0627\u0628\u0639\u0629.<\/p>\t\t\t\t\t\t\t\t<\/div>\n\t\t\t\t<\/div>\n\t\t\t\t\t<\/div>\n\t\t<\/div>\n\t\t\t\t\t<\/div>\n\t\t<\/section>\n\t\t\t\t\t<\/div>\n\t\t<\/div>\n\t\t\t\t\t<\/div>\n\t\t<\/section>\n\t\t\t\t<section class=\"elementor-section elementor-top-section elementor-element elementor-element-fed64be elementor-section-boxed elementor-section-height-default elementor-section-height-default\" data-id=\"fed64be\" data-element_type=\"section\" data-e-type=\"section\" data-settings=\"{&quot;background_background&quot;:&quot;classic&quot;}\">\n\t\t\t\t\t\t<div class=\"elementor-container elementor-column-gap-default\">\n\t\t\t\t\t<div class=\"elementor-column elementor-col-100 elementor-top-column elementor-element elementor-element-8f8500a\" data-id=\"8f8500a\" data-element_type=\"column\" data-e-type=\"column\">\n\t\t\t<div class=\"elementor-widget-wrap elementor-element-populated\">\n\t\t\t\t\t\t<section class=\"elementor-section elementor-inner-section elementor-element elementor-element-42c2b72 elementor-section-boxed elementor-section-height-default elementor-section-height-default\" data-id=\"42c2b72\" data-element_type=\"section\" data-e-type=\"section\">\n\t\t\t\t\t\t<div class=\"elementor-container elementor-column-gap-default\">\n\t\t\t\t\t<div class=\"elementor-column elementor-col-50 elementor-inner-column elementor-element elementor-element-11b5dbe\" data-id=\"11b5dbe\" data-element_type=\"column\" data-e-type=\"column\">\n\t\t\t<div class=\"elementor-widget-wrap elementor-element-populated\">\n\t\t\t\t\t\t<div class=\"elementor-element elementor-element-7ddbf2c elementor-widget elementor-widget-heading\" data-id=\"7ddbf2c\" data-element_type=\"widget\" data-e-type=\"widget\" data-widget_type=\"heading.default\">\n\t\t\t\t<div class=\"elementor-widget-container\">\n\t\t\t\t\t<h2 class=\"elementor-heading-title elementor-size-default\">\u0627\u0644\u0637\u0627\u0642\u0629 \u0645\u0639\u062a\u0645\u062f\u0629<\/h2>\t\t\t\t<\/div>\n\t\t\t\t<\/div>\n\t\t\t\t<div class=\"elementor-element elementor-element-b64f711 elementor-widget elementor-widget-heading\" data-id=\"b64f711\" data-element_type=\"widget\" data-e-type=\"widget\" data-widget_type=\"heading.default\">\n\t\t\t\t<div class=\"elementor-widget-container\">\n\t\t\t\t\t<h2 class=\"elementor-heading-title elementor-size-default\">\u0627\u064a\u0632\u0648 9001<\/h2>\t\t\t\t<\/div>\n\t\t\t\t<\/div>\n\t\t\t\t\t<\/div>\n\t\t<\/div>\n\t\t\t\t<div class=\"elementor-column elementor-col-50 elementor-inner-column elementor-element elementor-element-e731418\" data-id=\"e731418\" data-element_type=\"column\" data-e-type=\"column\">\n\t\t\t<div class=\"elementor-widget-wrap elementor-element-populated\">\n\t\t\t\t\t\t<div class=\"elementor-element elementor-element-c6d6eda elementor-widget elementor-widget-image\" data-id=\"c6d6eda\" data-element_type=\"widget\" data-e-type=\"widget\" data-widget_type=\"image.default\">\n\t\t\t\t<div class=\"elementor-widget-container\">\n\t\t\t\t\t\t\t\t\t\t\t\t\t\t\t<img decoding=\"async\" width=\"190\" height=\"191\" src=\"https:\/\/energical.dz\/wp-content\/uploads\/2023\/03\/Group-3817.png\" class=\"attachment-large size-large wp-image-536\" alt=\"\" srcset=\"https:\/\/energical.dz\/wp-content\/uploads\/2023\/03\/Group-3817.png 190w, https:\/\/energical.dz\/wp-content\/uploads\/2023\/03\/Group-3817-150x150.png 150w\" sizes=\"(max-width: 190px) 100vw, 190px\" \/>\t\t\t\t\t\t\t\t\t\t\t\t\t\t\t<\/div>\n\t\t\t\t<\/div>\n\t\t\t\t\t<\/div>\n\t\t<\/div>\n\t\t\t\t\t<\/div>\n\t\t<\/section>\n\t\t\t\t<div class=\"elementor-element elementor-element-d6ae7d9 elementor-widget elementor-widget-text-editor\" data-id=\"d6ae7d9\" data-element_type=\"widget\" data-e-type=\"widget\" data-widget_type=\"text-editor.default\">\n\t\t\t\t<div class=\"elementor-widget-container\">\n\t\t\t\t\t\t\t\t\t<p>\u0625\u0646 \u0627\u0644\u062d\u0635\u0648\u0644 \u0639\u0644\u0649 \u0634\u0647\u0627\u062f\u0629 ISO 9001:2015 \u0641\u064a \u0639\u0627\u0645 2006 \u0639\u0632\u0632 \u0645\u0643\u0627\u0646\u0629 Energical \u0643\u0644\u0627\u0639\u0628 \u0631\u0626\u064a\u0633\u064a \u0641\u064a \u0627\u0644\u0635\u0646\u0627\u0639\u0629 \u0641\u064a \u0627\u0644\u062c\u0632\u0627\u0626\u0631. \u062a\u0636\u0645\u0646 \u0647\u0630\u0647 \u0627\u0644\u0634\u0647\u0627\u062f\u0629 \u0623\u0646 \u0627\u0644\u0645\u0646\u062a\u062c\u0627\u062a \u0648\u0627\u0644\u062e\u062f\u0645\u0627\u062a \u0627\u0644\u062a\u064a \u062a\u0642\u062f\u0645\u0647\u0627 \u0627\u0644\u0634\u0631\u0643\u0629 \u062a\u0644\u0628\u064a \u0645\u0639\u0627\u064a\u064a\u0631 \u0627\u0644\u062c\u0648\u062f\u0629 \u0627\u0644\u0639\u0627\u0644\u0645\u064a\u0629.<br>\u062a\u0644\u062a\u0632\u0645 \u0634\u0631\u0643\u0629 Energical \u0628\u062a\u0642\u062f\u064a\u0645 \u0645\u0646\u062a\u062c\u0627\u062a \u0648\u062e\u062f\u0645\u0627\u062a \u0639\u0627\u0644\u064a\u0629 \u0627\u0644\u062c\u0648\u062f\u0629 \u0644\u0625\u0631\u0636\u0627\u0621 \u0639\u0645\u0644\u0627\u0626\u0646\u0627. \u0648\u0647\u0643\u0630\u0627\u060c \u0642\u0627\u0645\u062a \u0627\u0644\u0634\u0631\u0643\u0629 \u0628\u062a\u0637\u0628\u064a\u0642 \u0646\u0638\u0627\u0645 \u0625\u062f\u0627\u0631\u0629 \u0627\u0644\u062c\u0648\u062f\u0629 \u0645\u0646 \u0623\u062c\u0644 \u0627\u0644\u062a\u062d\u0633\u064a\u0646 \u0627\u0644\u0645\u0633\u062a\u0645\u0631 \u0644\u0639\u0645\u0644\u064a\u0627\u062a \u0627\u0644\u0625\u0646\u062a\u0627\u062c \u0648\u0627\u0644\u062a\u0648\u0632\u064a\u0639 \u0648\u062e\u062f\u0645\u0629 \u0627\u0644\u0639\u0645\u0644\u0627\u0621\u060c \u0648\u0628\u0641\u0636\u0644 \u0647\u0630\u0627 \u0627\u0644\u0627\u0644\u062a\u0632\u0627\u0645\u060c \u0623\u0635\u0628\u062d\u062a Energical \u0634\u0631\u064a\u0643\u064b\u0627 \u0645\u0648\u062b\u0648\u0642\u064b\u0627 \u0628\u0647 \u0644\u0639\u0645\u0644\u0627\u0626\u0647\u0627.<\/p>\t\t\t\t\t\t\t\t<\/div>\n\t\t\t\t<\/div>\n\t\t\t\t\t<\/div>\n\t\t<\/div>\n\t\t\t\t\t<\/div>\n\t\t<\/section>\n\t\t\t\t<section class=\"elementor-section elementor-top-section elementor-element elementor-element-209c164 elementor-section-height-min-height elementor-section-boxed elementor-section-height-default elementor-section-items-middle\" data-id=\"209c164\" data-element_type=\"section\" data-e-type=\"section\" data-settings=\"{&quot;background_background&quot;:&quot;classic&quot;}\">\n\t\t\t\t\t\t<div class=\"elementor-container elementor-column-gap-default\">\n\t\t\t\t\t<div class=\"elementor-column elementor-col-100 elementor-top-column elementor-element elementor-element-5b6b16e\" data-id=\"5b6b16e\" data-element_type=\"column\" data-e-type=\"column\">\n\t\t\t<div class=\"elementor-widget-wrap elementor-element-populated\">\n\t\t\t\t\t\t<div class=\"elementor-element elementor-element-1f8c558 elementor-widget__width-auto elementor-widget elementor-widget-html\" data-id=\"1f8c558\" data-element_type=\"widget\" data-e-type=\"widget\" data-widget_type=\"html.default\">\n\t\t\t\t<div class=\"elementor-widget-container\">\n\t\t\t\t\t<div class=\"ci\">\n<div class=\"circle left\">\n<h3>2006<\/h3>\n<p>\n        \u0648\u0644\u0627\u062f\u0629 \u0634\u0631\u0643\u0629 ENERGICAL \u062a\u0646\u0648\u0639 \u0627\u0644\u0645\u0647\u0646: <span>\u0627\u0644\u0643\u0647\u0631\u0628\u0627\u0621 \u0648\u0627\u0644\u063a\u0627\u0632<\/span>\n\n      <\/p>\n<\/div>\n<\/div>\n<div class=\"circle2 right\">\n   <h3>2009<\/h3>\n   <p>\u0625\u0637\u0644\u0627\u0642 \u0627\u0644\u0646\u0634\u0627\u0637 <br>\n<span>\u0627\u0644\u062d\u0646\u0641\u064a\u0627\u062a \u0627\u0644\u062f\u0627\u062e\u0644\u064a\u0629<\/span>\n\n      <\/p>\n<\/div>\n<div class=\"circle2 left\">\n    <h3>2011<\/h3>\n    <p>\n        \u0625\u0637\u0644\u0627\u0642 \u0627\u0644\u0646\u0634\u0627\u0637\n <span><br>\u0627\u0644\u062d\u0646\u0641\u064a\u0627\u062a \u0627\u0644\u0635\u062d\u064a\u0629 <\/span>\n\n      <\/p>\n<\/div>\n<div class=\"circle2 right\">\n    <h3>2013<\/h3>\n     <p>\n        \u0625\u0637\u0644\u0627\u0642 \u0627\u0644\u0646\u0634\u0627\u0637\n\n <span><br>\u0633\u062e\u0627\u0646 \u0627\u0644\u0645\u0627\u0621 <\/span><\/p>\n<\/div>\n<div class=\"circle2 left\">\n    <h3>2015<\/h3>\n    <p>\n      \u0625\u0637\u0644\u0627\u0642 \u0627\u0644\u0646\u0634\u0627\u0637\n <span><br>\u0627\u0644\u0627\u062a\u0635\u0627\u0644 \u0627\u0644\u0647\u0627\u062a\u0641\u064a \u0639\u0628\u0631 \u0627\u0644\u0641\u064a\u062f\u064a\u0648 \u0648\u0627\u0644\u0623\u062a\u0645\u062a\u0629 \u0627\u0644\u0645\u0646\u0632\u0644\u064a\u0629 <\/span>\n\n      <\/p>\n<\/div>\n<div class=\"circle2 right\">\n   <h3>2019<\/h3>\n    <p>\n        \u0625\u0637\u0644\u0627\u0642 \u0627\u0644\u0646\u0634\u0627\u0637\n\n <span><br>\u0645\u0635\u0628\u0627\u062d \u0628\u0642\u064a\u0627\u062f\u0629 <\/span><\/p>\n<\/div>\n<div class=\"circled left\">\n    <h3>2021<\/h3>\n    <p>\n        \u0625\u0646\u062c\u0627\u0632 \u0645\u0634\u0631\u0648\u0639\u064a\u0646\n\n <span><br>\u0628\u0627\u0628 MDF \u0648\u063a\u0644\u0627\u064a\u0629 <\/span><\/p>\n<\/div>\n\t\t\t\t<\/div>\n\t\t\t\t<\/div>\n\t\t\t\t\t<\/div>\n\t\t<\/div>\n\t\t\t\t\t<\/div>\n\t\t<\/section>\n\t\t\t\t<\/div>","protected":false},"excerpt":{"rendered":"<p>A propos Energical est une soci\u00e9t\u00e9 alg\u00e9rienne cr\u00e9\u00e9e en 2006. Elle est localis\u00e9e \u00e0 Gharda\u00efa en Alg\u00e9rie et offre des solutions compl\u00e8tes et int\u00e9gr\u00e9es pour le bien \u00eatre \u00e0 domicile.Depuis sa cr\u00e9ation la qualit\u00e9 du produit Energical est devenue la r\u00e9f\u00e9rence sur le march\u00e9 en termes de qualit\u00e9 et de prix abordable.L&rsquo;am\u00e9lioration continue du syst\u00e8me [&hellip;]<\/p>\n","protected":false},"author":1,"featured_media":0,"parent":0,"menu_order":0,"comment_status":"closed","ping_status":"closed","template":"","meta":{"_acf_changed":false,"_seopress_robots_primary_cat":"","_seopress_titles_title":"","_seopress_titles_desc":"","_seopress_robots_index":"","inline_featured_image":false,"footnotes":""},"class_list":["post-27","page","type-page","status-publish","hentry"],"acf":[],"_links":{"self":[{"href":"https:\/\/energical.dz\/ar\/wp-json\/wp\/v2\/pages\/27","targetHints":{"allow":["GET"]}}],"collection":[{"href":"https:\/\/energical.dz\/ar\/wp-json\/wp\/v2\/pages"}],"about":[{"href":"https:\/\/energical.dz\/ar\/wp-json\/wp\/v2\/types\/page"}],"author":[{"embeddable":true,"href":"https:\/\/energical.dz\/ar\/wp-json\/wp\/v2\/users\/1"}],"replies":[{"embeddable":true,"href":"https:\/\/energical.dz\/ar\/wp-json\/wp\/v2\/comments?post=27"}],"version-history":[{"count":0,"href":"https:\/\/energical.dz\/ar\/wp-json\/wp\/v2\/pages\/27\/revisions"}],"wp:attachment":[{"href":"https:\/\/energical.dz\/ar\/wp-json\/wp\/v2\/media?parent=27"}],"curies":[{"name":"wp","href":"https:\/\/api.w.org\/{rel}","templated":true}]}}