{"id":29,"date":"2023-02-19T15:44:49","date_gmt":"2023-02-19T14:44:49","guid":{"rendered":"https:\/\/energical.dz\/?page_id=29"},"modified":"2023-07-17T18:03:30","modified_gmt":"2023-07-17T16:03:30","slug":"nos-activites","status":"publish","type":"page","link":"https:\/\/energical.dz\/ar\/nos-activites\/","title":{"rendered":"\u0646\u0634\u0627\u0637\u0627\u062a\u0646\u0627"},"content":{"rendered":"<div data-elementor-type=\"wp-page\" data-elementor-id=\"29\" class=\"elementor elementor-29\" data-elementor-post-type=\"page\">\n\t\t\t\t\t\t<section class=\"elementor-section elementor-top-section elementor-element elementor-element-0fb4065 elementor-section-height-min-height elementor-section-boxed elementor-section-height-default elementor-section-items-middle\" data-id=\"0fb4065\" data-element_type=\"section\" data-e-type=\"section\" data-settings=\"{&quot;background_background&quot;:&quot;classic&quot;}\">\n\t\t\t\t\t\t<div class=\"elementor-container elementor-column-gap-default\">\n\t\t\t\t\t<div class=\"elementor-column elementor-col-100 elementor-top-column elementor-element elementor-element-b63d725\" data-id=\"b63d725\" data-element_type=\"column\" data-e-type=\"column\">\n\t\t\t<div class=\"elementor-widget-wrap elementor-element-populated\">\n\t\t\t\t\t\t<div class=\"elementor-element elementor-element-fc22868 elementor-widget elementor-widget-heading\" data-id=\"fc22868\" data-element_type=\"widget\" data-e-type=\"widget\" data-widget_type=\"heading.default\">\n\t\t\t\t<div class=\"elementor-widget-container\">\n\t\t\t\t\t<h2 class=\"elementor-heading-title elementor-size-default\">\u0623\u0646\u0634\u0637\u062a\u0646\u0627<\/h2>\t\t\t\t<\/div>\n\t\t\t\t<\/div>\n\t\t\t\t\t<\/div>\n\t\t<\/div>\n\t\t\t\t\t<\/div>\n\t\t<\/section>\n\t\t\t\t<section class=\"elementor-section elementor-top-section elementor-element elementor-element-770afdb elementor-section-height-min-height elementor-section-boxed elementor-section-height-default elementor-section-items-middle\" data-id=\"770afdb\" data-element_type=\"section\" data-e-type=\"section\">\n\t\t\t\t\t\t<div class=\"elementor-container elementor-column-gap-default\">\n\t\t\t\t\t<div class=\"elementor-column elementor-col-100 elementor-top-column elementor-element elementor-element-ed76117\" data-id=\"ed76117\" data-element_type=\"column\" data-e-type=\"column\">\n\t\t\t<div class=\"elementor-widget-wrap elementor-element-populated\">\n\t\t\t\t\t\t<div class=\"elementor-element elementor-element-cba21ec elementor-widget-divider--view-line elementor-widget elementor-widget-divider\" data-id=\"cba21ec\" data-element_type=\"widget\" data-e-type=\"widget\" data-widget_type=\"divider.default\">\n\t\t\t\t<div class=\"elementor-widget-container\">\n\t\t\t\t\t\t\t<div class=\"elementor-divider\">\n\t\t\t<span class=\"elementor-divider-separator\">\n\t\t\t\t\t\t<\/span>\n\t\t<\/div>\n\t\t\t\t\t\t<\/div>\n\t\t\t\t<\/div>\n\t\t\t\t<div class=\"elementor-element elementor-element-f0b2d9d elementor-widget elementor-widget-text-editor\" data-id=\"f0b2d9d\" data-element_type=\"widget\" data-e-type=\"widget\" data-widget_type=\"text-editor.default\">\n\t\t\t\t<div class=\"elementor-widget-container\">\n\t\t\t\t\t\t\t\t\t<p>\u062a\u0636\u0645 \u0634\u0631\u0643\u0629 Energical \u0623\u0631\u0628\u0639 \u0648\u062d\u062f\u0627\u062a \u0625\u0646\u062a\u0627\u062c \u0631\u0626\u064a\u0633\u064a\u0629: \u0627\u0644\u0643\u0647\u0631\u0628\u0627\u0621 \u0648\u0627\u0644\u0633\u0628\u0627\u0643\u0629 \u0648\u0627\u0644\u0635\u0631\u0641 \u0627\u0644\u0635\u062d\u064a \u0648\u0627\u0644\u0646\u062c\u0627\u0631\u0629\u060c \u0648\u062a\u062a\u0643\u0648\u0646 \u0643\u0644 \u0648\u062d\u062f\u0629 \u0645\u0646 \u0647\u0630\u0647 \u0627\u0644\u0648\u062d\u062f\u0627\u062a \u0645\u0646 \u0641\u0631\u064a\u0642 \u0639\u0645\u0644 \u0648\u0645\u0648\u0638\u0641\u064a\u0646 \u0645\u062a\u062e\u0635\u0635\u064a\u0646\u060c \u064a\u0639\u0645\u0644\u0648\u0646 \u0648\u0641\u0642\u064b\u0627 \u0644\u0645\u0639\u0627\u064a\u064a\u0631 \u0635\u0627\u0631\u0645\u0629 \u0644\u0636\u0645\u0627\u0646 \u0627\u0644\u062c\u0648\u062f\u0629 \u0627\u0644\u0645\u062b\u0644\u0649 \u0644\u0644\u0645\u0646\u062a\u062c\u0627\u062a.<br \/>\u0628\u0641\u0636\u0644 \u0627\u0644\u062e\u0628\u0631\u0629 \u0627\u0644\u0642\u0648\u064a\u0629 \u0641\u064a \u0643\u0644 \u0645\u062c\u0627\u0644 \u0645\u0646 \u0647\u0630\u0647 \u0627\u0644\u0645\u062c\u0627\u0644\u0627\u062a\u060c \u062a\u0633\u062a\u0637\u064a\u0639 Energical \u062a\u0642\u062f\u064a\u0645 \u062d\u0644\u0648\u0644 \u0643\u0627\u0645\u0644\u0629 \u0648\u0634\u062e\u0635\u064a\u0629 \u0644\u062a\u062d\u0633\u064a\u0646 \u0646\u0648\u0639\u064a\u0629 \u062d\u064a\u0627\u0629 \u0627\u0644\u0639\u0645\u0644\u0627\u0621 \u0641\u064a \u0627\u0644\u0645\u0646\u0632\u0644 \u0648\u0627\u0644\u0639\u0645\u0644. \u062a\u0645 \u062a\u0635\u0645\u064a\u0645 \u0627\u0644\u0645\u0646\u062a\u062c\u0627\u062a \u0627\u0644\u062a\u064a \u062a\u0642\u062f\u0645\u0647\u0627 \u0627\u0644\u0634\u0631\u0643\u0629 \u0644\u062a\u0643\u0648\u0646 \u0645\u062a\u064a\u0646\u0629 \u0648\u0645\u0648\u062b\u0648\u0642\u0629 \u0648\u0633\u0647\u0644\u0629 \u0627\u0644\u062a\u062b\u0628\u064a\u062a\u060c \u0644\u062a\u0648\u0641\u0631 \u0644\u0644\u0639\u0645\u0644\u0627\u0621 \u062a\u062c\u0631\u0628\u0629 \u0645\u0633\u062a\u062e\u062f\u0645 \u0645\u062b\u0627\u0644\u064a\u0629.<\/p>\t\t\t\t\t\t\t\t<\/div>\n\t\t\t\t<\/div>\n\t\t\t\t\t<\/div>\n\t\t<\/div>\n\t\t\t\t\t<\/div>\n\t\t<\/section>\n\t\t\t\t<section class=\"elementor-section elementor-top-section elementor-element elementor-element-99b85cc elementor-section-boxed elementor-section-height-default elementor-section-height-default\" data-id=\"99b85cc\" data-element_type=\"section\" data-e-type=\"section\">\n\t\t\t\t\t\t<div class=\"elementor-container elementor-column-gap-default\">\n\t\t\t\t\t<div class=\"elementor-column elementor-col-100 elementor-top-column elementor-element elementor-element-9cfc16e\" data-id=\"9cfc16e\" data-element_type=\"column\" data-e-type=\"column\">\n\t\t\t<div class=\"elementor-widget-wrap elementor-element-populated\">\n\t\t\t\t\t\t<section class=\"elementor-section elementor-inner-section elementor-element elementor-element-0b0c681 elementor-section-boxed elementor-section-height-default elementor-section-height-default\" data-id=\"0b0c681\" data-element_type=\"section\" data-e-type=\"section\">\n\t\t\t\t\t\t<div class=\"elementor-container elementor-column-gap-no\">\n\t\t\t\t\t<div class=\"elementor-column elementor-col-100 elementor-inner-column elementor-element elementor-element-b654e7b\" data-id=\"b654e7b\" data-element_type=\"column\" data-e-type=\"column\">\n\t\t\t<div class=\"elementor-widget-wrap elementor-element-populated\">\n\t\t\t\t\t\t<div class=\"elementor-element elementor-element-fd370e8 elementor-widget elementor-widget-image\" data-id=\"fd370e8\" data-element_type=\"widget\" data-e-type=\"widget\" data-widget_type=\"image.default\">\n\t\t\t\t<div class=\"elementor-widget-container\">\n\t\t\t\t\t\t\t\t\t\t\t\t\t\t\t\t<a href=\"https:\/\/energical.dz\/ar\/electricite\/\">\n\t\t\t\t\t\t\t<img fetchpriority=\"high\" decoding=\"async\" width=\"635\" height=\"658\" src=\"https:\/\/energical.dz\/wp-content\/uploads\/2023\/03\/shutterstock_1156209073-1.png\" class=\"attachment-large size-large wp-image-1145\" alt=\"\" srcset=\"https:\/\/energical.dz\/wp-content\/uploads\/2023\/03\/shutterstock_1156209073-1.png 635w, https:\/\/energical.dz\/wp-content\/uploads\/2023\/03\/shutterstock_1156209073-1-290x300.png 290w\" sizes=\"(max-width: 635px) 100vw, 635px\" \/>\t\t\t\t\t\t\t\t<\/a>\n\t\t\t\t\t\t\t\t\t\t\t\t\t\t\t<\/div>\n\t\t\t\t<\/div>\n\t\t\t\t<div class=\"elementor-element elementor-element-1d3fe94 elementor-widget__width-auto elementor-absolute elementor-widget elementor-widget-heading\" data-id=\"1d3fe94\" data-element_type=\"widget\" data-e-type=\"widget\" data-settings=\"{&quot;_position&quot;:&quot;absolute&quot;}\" data-widget_type=\"heading.default\">\n\t\t\t\t<div class=\"elementor-widget-container\">\n\t\t\t\t\t<h2 class=\"elementor-heading-title elementor-size-default\"><a href=\"https:\/\/energical.dz\/ar\/electricite\/\">\u0643\u0647\u0631\u0628\u0627\u0621<\/a><\/h2>\t\t\t\t<\/div>\n\t\t\t\t<\/div>\n\t\t\t\t\t<\/div>\n\t\t<\/div>\n\t\t\t\t\t<\/div>\n\t\t<\/section>\n\t\t\t\t<section class=\"elementor-section elementor-inner-section elementor-element elementor-element-3d577cd elementor-section-boxed elementor-section-height-default elementor-section-height-default\" data-id=\"3d577cd\" data-element_type=\"section\" data-e-type=\"section\">\n\t\t\t\t\t\t<div class=\"elementor-container elementor-column-gap-no\">\n\t\t\t\t\t<div class=\"elementor-column elementor-col-100 elementor-inner-column elementor-element elementor-element-4a382ed\" data-id=\"4a382ed\" data-element_type=\"column\" data-e-type=\"column\">\n\t\t\t<div class=\"elementor-widget-wrap elementor-element-populated\">\n\t\t\t\t\t\t<div class=\"elementor-element elementor-element-65f8da2 elementor-widget elementor-widget-image\" data-id=\"65f8da2\" data-element_type=\"widget\" data-e-type=\"widget\" data-widget_type=\"image.default\">\n\t\t\t\t<div class=\"elementor-widget-container\">\n\t\t\t\t\t\t\t\t\t\t\t\t\t\t\t\t<a href=\"https:\/\/energical.dz\/ar\/plomberie\/\">\n\t\t\t\t\t\t\t<img decoding=\"async\" width=\"635\" height=\"758\" src=\"https:\/\/energical.dz\/wp-content\/uploads\/2023\/03\/Asset-2@2x-standard-scale-2_00x-1.png\" class=\"attachment-large size-large wp-image-1147\" alt=\"\" srcset=\"https:\/\/energical.dz\/wp-content\/uploads\/2023\/03\/Asset-2@2x-standard-scale-2_00x-1.png 635w, https:\/\/energical.dz\/wp-content\/uploads\/2023\/03\/Asset-2@2x-standard-scale-2_00x-1-251x300.png 251w\" sizes=\"(max-width: 635px) 100vw, 635px\" \/>\t\t\t\t\t\t\t\t<\/a>\n\t\t\t\t\t\t\t\t\t\t\t\t\t\t\t<\/div>\n\t\t\t\t<\/div>\n\t\t\t\t<div class=\"elementor-element elementor-element-a427fcd elementor-widget__width-auto elementor-absolute elementor-widget elementor-widget-heading\" data-id=\"a427fcd\" data-element_type=\"widget\" data-e-type=\"widget\" data-settings=\"{&quot;_position&quot;:&quot;absolute&quot;}\" data-widget_type=\"heading.default\">\n\t\t\t\t<div class=\"elementor-widget-container\">\n\t\t\t\t\t<h2 class=\"elementor-heading-title elementor-size-default\"><a href=\"https:\/\/energical.dz\/ar\/plomberie\/\">\u0627\u0644\u0633\u0628\u0627\u0643\u0629 <\/a><\/h2>\t\t\t\t<\/div>\n\t\t\t\t<\/div>\n\t\t\t\t\t<\/div>\n\t\t<\/div>\n\t\t\t\t\t<\/div>\n\t\t<\/section>\n\t\t\t\t<section class=\"elementor-section elementor-inner-section elementor-element elementor-element-c636234 elementor-section-boxed elementor-section-height-default elementor-section-height-default\" data-id=\"c636234\" data-element_type=\"section\" data-e-type=\"section\">\n\t\t\t\t\t\t<div class=\"elementor-container elementor-column-gap-no\">\n\t\t\t\t\t<div class=\"elementor-column elementor-col-100 elementor-inner-column elementor-element elementor-element-f0d459a\" data-id=\"f0d459a\" data-element_type=\"column\" data-e-type=\"column\">\n\t\t\t<div class=\"elementor-widget-wrap elementor-element-populated\">\n\t\t\t\t\t\t<div class=\"elementor-element elementor-element-4a268a7 elementor-widget elementor-widget-image\" data-id=\"4a268a7\" data-element_type=\"widget\" data-e-type=\"widget\" data-widget_type=\"image.default\">\n\t\t\t\t<div class=\"elementor-widget-container\">\n\t\t\t\t\t\t\t\t\t\t\t\t\t\t\t\t<a href=\"https:\/\/energical.dz\/ar\/menuiserie\/\">\n\t\t\t\t\t\t\t<img decoding=\"async\" width=\"635\" height=\"759\" src=\"https:\/\/energical.dz\/wp-content\/uploads\/2023\/03\/Edoor_01.png\" class=\"attachment-large size-large wp-image-1148\" alt=\"\" srcset=\"https:\/\/energical.dz\/wp-content\/uploads\/2023\/03\/Edoor_01.png 635w, https:\/\/energical.dz\/wp-content\/uploads\/2023\/03\/Edoor_01-251x300.png 251w\" sizes=\"(max-width: 635px) 100vw, 635px\" \/>\t\t\t\t\t\t\t\t<\/a>\n\t\t\t\t\t\t\t\t\t\t\t\t\t\t\t<\/div>\n\t\t\t\t<\/div>\n\t\t\t\t<div class=\"elementor-element elementor-element-fe7ec2f elementor-widget__width-auto elementor-absolute elementor-widget elementor-widget-heading\" data-id=\"fe7ec2f\" data-element_type=\"widget\" data-e-type=\"widget\" data-settings=\"{&quot;_position&quot;:&quot;absolute&quot;}\" data-widget_type=\"heading.default\">\n\t\t\t\t<div class=\"elementor-widget-container\">\n\t\t\t\t\t<h2 class=\"elementor-heading-title elementor-size-default\"><a href=\"https:\/\/energical.dz\/ar\/menuiserie\/\">\u0646\u062c\u0627\u0631\u0629<\/a><\/h2>\t\t\t\t<\/div>\n\t\t\t\t<\/div>\n\t\t\t\t\t<\/div>\n\t\t<\/div>\n\t\t\t\t\t<\/div>\n\t\t<\/section>\n\t\t\t\t<section class=\"elementor-section elementor-inner-section elementor-element elementor-element-767f630 elementor-section-boxed elementor-section-height-default elementor-section-height-default\" data-id=\"767f630\" data-element_type=\"section\" data-e-type=\"section\">\n\t\t\t\t\t\t<div class=\"elementor-container elementor-column-gap-no\">\n\t\t\t\t\t<div class=\"elementor-column elementor-col-100 elementor-inner-column elementor-element elementor-element-356049b\" data-id=\"356049b\" data-element_type=\"column\" data-e-type=\"column\">\n\t\t\t<div class=\"elementor-widget-wrap elementor-element-populated\">\n\t\t\t\t\t\t<div class=\"elementor-element elementor-element-c9d3931 elementor-widget elementor-widget-image\" data-id=\"c9d3931\" data-element_type=\"widget\" data-e-type=\"widget\" data-widget_type=\"image.default\">\n\t\t\t\t<div class=\"elementor-widget-container\">\n\t\t\t\t\t\t\t\t\t\t\t\t\t\t\t\t<a href=\"https:\/\/energical.dz\/ar\/sanitaire\/\">\n\t\t\t\t\t\t\t<img loading=\"lazy\" decoding=\"async\" width=\"635\" height=\"658\" src=\"https:\/\/energical.dz\/wp-content\/uploads\/2023\/03\/Baignoire.png\" class=\"attachment-large size-large wp-image-1149\" alt=\"\" srcset=\"https:\/\/energical.dz\/wp-content\/uploads\/2023\/03\/Baignoire.png 635w, https:\/\/energical.dz\/wp-content\/uploads\/2023\/03\/Baignoire-290x300.png 290w\" sizes=\"(max-width: 635px) 100vw, 635px\" \/>\t\t\t\t\t\t\t\t<\/a>\n\t\t\t\t\t\t\t\t\t\t\t\t\t\t\t<\/div>\n\t\t\t\t<\/div>\n\t\t\t\t<div class=\"elementor-element elementor-element-3e7ddcf elementor-widget__width-auto elementor-absolute elementor-widget elementor-widget-heading\" data-id=\"3e7ddcf\" data-element_type=\"widget\" data-e-type=\"widget\" data-settings=\"{&quot;_position&quot;:&quot;absolute&quot;}\" data-widget_type=\"heading.default\">\n\t\t\t\t<div class=\"elementor-widget-container\">\n\t\t\t\t\t<h2 class=\"elementor-heading-title elementor-size-default\"><a href=\"https:\/\/energical.dz\/ar\/sanitaire\/\">\u0627\u0644\u062a\u0631\u0635\u064a\u0635  \u0627\u0644\u0635\u062d\u064a<\/a><\/h2>\t\t\t\t<\/div>\n\t\t\t\t<\/div>\n\t\t\t\t\t<\/div>\n\t\t<\/div>\n\t\t\t\t\t<\/div>\n\t\t<\/section>\n\t\t\t\t\t<\/div>\n\t\t<\/div>\n\t\t\t\t\t<\/div>\n\t\t<\/section>\n\t\t\t\t<\/div>","protected":false},"excerpt":{"rendered":"<p>nos activit\u00e9s Energical dispose de quatre unit\u00e9s de productions principales : l&rsquo;\u00e9lectricit\u00e9, la plomberie, le sanitaire et la menuiserie, chacune de ces unit\u00e9s est compos\u00e9e d&rsquo;une \u00e9quipe et d&rsquo;un personnel d\u00e9di\u00e9, travaillant selon des standards rigoureux pour assurer une qualit\u00e9 optimale des produits.Gr\u00e2ce \u00e0 une solide exp\u00e9rience dans chacun de ces domaines, Energical est en [&hellip;]<\/p>\n","protected":false},"author":1,"featured_media":0,"parent":0,"menu_order":0,"comment_status":"closed","ping_status":"closed","template":"","meta":{"_acf_changed":false,"_seopress_robots_primary_cat":"","_seopress_titles_title":"","_seopress_titles_desc":"","_seopress_robots_index":"","inline_featured_image":false,"footnotes":""},"class_list":["post-29","page","type-page","status-publish","hentry"],"acf":[],"_links":{"self":[{"href":"https:\/\/energical.dz\/ar\/wp-json\/wp\/v2\/pages\/29","targetHints":{"allow":["GET"]}}],"collection":[{"href":"https:\/\/energical.dz\/ar\/wp-json\/wp\/v2\/pages"}],"about":[{"href":"https:\/\/energical.dz\/ar\/wp-json\/wp\/v2\/types\/page"}],"author":[{"embeddable":true,"href":"https:\/\/energical.dz\/ar\/wp-json\/wp\/v2\/users\/1"}],"replies":[{"embeddable":true,"href":"https:\/\/energical.dz\/ar\/wp-json\/wp\/v2\/comments?post=29"}],"version-history":[{"count":0,"href":"https:\/\/energical.dz\/ar\/wp-json\/wp\/v2\/pages\/29\/revisions"}],"wp:attachment":[{"href":"https:\/\/energical.dz\/ar\/wp-json\/wp\/v2\/media?parent=29"}],"curies":[{"name":"wp","href":"https:\/\/api.w.org\/{rel}","templated":true}]}}