{"id":4140,"date":"2023-11-07T15:00:17","date_gmt":"2023-11-07T14:00:17","guid":{"rendered":"https:\/\/energical.dz\/?page_id=4140"},"modified":"2023-11-20T12:10:33","modified_gmt":"2023-11-20T11:10:33","slug":"recrutement","status":"publish","type":"page","link":"https:\/\/energical.dz\/ar\/recrutement\/","title":{"rendered":"\u062a\u0648\u0638\u064a\u0641"},"content":{"rendered":"<div data-elementor-type=\"wp-page\" data-elementor-id=\"4140\" class=\"elementor elementor-4140\" data-elementor-post-type=\"page\">\n\t\t\t\t\t\t<section class=\"elementor-section elementor-top-section elementor-element elementor-element-49f5c08 elementor-section-height-min-height elementor-section-boxed elementor-section-height-default elementor-section-items-middle\" data-id=\"49f5c08\" data-element_type=\"section\" data-e-type=\"section\" data-settings=\"{&quot;background_background&quot;:&quot;classic&quot;}\">\n\t\t\t\t\t\t<div class=\"elementor-container elementor-column-gap-default\">\n\t\t\t\t\t<div class=\"elementor-column elementor-col-100 elementor-top-column elementor-element elementor-element-c70f439\" data-id=\"c70f439\" data-element_type=\"column\" data-e-type=\"column\">\n\t\t\t<div class=\"elementor-widget-wrap elementor-element-populated\">\n\t\t\t\t\t\t<div class=\"elementor-element elementor-element-880ee00 elementor-widget elementor-widget-heading\" data-id=\"880ee00\" data-element_type=\"widget\" data-e-type=\"widget\" data-widget_type=\"heading.default\">\n\t\t\t\t<div class=\"elementor-widget-container\">\n\t\t\t\t\t<h2 class=\"elementor-heading-title elementor-size-default\">\u062a\u0648\u0638\u064a\u0641<\/h2>\t\t\t\t<\/div>\n\t\t\t\t<\/div>\n\t\t\t\t\t<\/div>\n\t\t<\/div>\n\t\t\t\t\t<\/div>\n\t\t<\/section>\n\t\t\t\t<section class=\"elementor-section elementor-top-section elementor-element elementor-element-57976b3 elementor-section-boxed elementor-section-height-default elementor-section-height-default\" data-id=\"57976b3\" data-element_type=\"section\" data-e-type=\"section\">\n\t\t\t\t\t\t<div class=\"elementor-container elementor-column-gap-default\">\n\t\t\t\t\t<div class=\"elementor-column elementor-col-100 elementor-top-column elementor-element elementor-element-acf61bb\" data-id=\"acf61bb\" data-element_type=\"column\" data-e-type=\"column\">\n\t\t\t<div class=\"elementor-widget-wrap elementor-element-populated\">\n\t\t\t\t\t\t<div class=\"elementor-element elementor-element-185b47c elementor-widget-divider--view-line elementor-widget elementor-widget-divider\" data-id=\"185b47c\" data-element_type=\"widget\" data-e-type=\"widget\" data-widget_type=\"divider.default\">\n\t\t\t\t<div class=\"elementor-widget-container\">\n\t\t\t\t\t\t\t<div class=\"elementor-divider\">\n\t\t\t<span class=\"elementor-divider-separator\">\n\t\t\t\t\t\t<\/span>\n\t\t<\/div>\n\t\t\t\t\t\t<\/div>\n\t\t\t\t<\/div>\n\t\t\t\t<div class=\"elementor-element elementor-element-7115978 elementor-widget elementor-widget-text-editor\" data-id=\"7115978\" data-element_type=\"widget\" data-e-type=\"widget\" data-widget_type=\"text-editor.default\">\n\t\t\t\t<div class=\"elementor-widget-container\">\n\t\t\t\t\t\t\t\t\t<p>\u0644\u062f\u0649 Energical \u0641\u0631\u064a\u0642 \u0645\u0646 \u0627\u0644\u0645\u062d\u062a\u0631\u0641\u064a\u0646 \u0627\u0644\u0645\u062a\u062d\u0645\u0633\u064a\u0646 \u0648\u0643\u0644 \u0639\u0636\u0648 \u0641\u064a \u0627\u0644\u0641\u0631\u064a\u0642 \u0647\u0648 \u062d\u062c\u0631 \u0627\u0644\u0632\u0627\u0648\u064a\u0629 \u0641\u064a \u0646\u062c\u0627\u062d \u0627\u0644\u0634\u0631\u0643\u0629. \u0646\u062d\u0646 \u0646\u0642\u062f\u0631 \u0627\u0644\u0627\u0644\u062a\u0632\u0627\u0645 \u0648\u0627\u0644\u062a\u0639\u0627\u0648\u0646 \u0648\u0627\u0644\u0627\u0628\u062a\u0643\u0627\u0631 \u0648\u0627\u0644\u062a\u0645\u064a\u0632 \u0627\u0644\u0645\u0647\u0646\u064a. \u0646\u062d\u0646 \u0646\u0642\u062f\u0645 \u0628\u064a\u0626\u0629 \u0639\u0645\u0644 \u0645\u062d\u0641\u0632\u0629 \u0648\u0645\u062c\u0632\u064a\u0629 \u062a\u0633\u0645\u062d \u0644\u0644\u062c\u0645\u064a\u0639 \u0628\u0627\u0644\u062a\u0637\u0648\u0631 \u0645\u0647\u0646\u064a\u064b\u0627 \u0648\u0634\u062e\u0635\u064a\u064b\u0627.<\/p><p>\u0625\u0630\u0627 \u0643\u0646\u062a \u062a\u0634\u0627\u0631\u0643\u0646\u0627 \u0642\u064a\u0645\u0646\u0627 \u0648\u0634\u063a\u0641\u0646\u0627 \u0628\u0627\u0644\u0627\u0628\u062a\u0643\u0627\u0631 \u0648\u0627\u0644\u062c\u0648\u062f\u0629\u060c \u0641\u0625\u0646\u0646\u0627 \u0646\u062f\u0639\u0648\u0643 \u0644\u0625\u0631\u0633\u0627\u0644 \u0633\u064a\u0631\u062a\u0643 \u0627\u0644\u0630\u0627\u062a\u064a\u0629 \u0627\u0644\u0622\u0646 \u0648\u0645\u0644\u0621 \u0627\u0644\u0646\u0645\u0648\u0630\u062c \u0623\u062f\u0646\u0627\u0647<\/p>\t\t\t\t\t\t\t\t<\/div>\n\t\t\t\t<\/div>\n\t\t\t\t<div class=\"elementor-element elementor-element-cbded74 elementor-widget elementor-widget-shortcode\" data-id=\"cbded74\" data-element_type=\"widget\" data-e-type=\"widget\" data-widget_type=\"shortcode.default\">\n\t\t\t\t<div class=\"elementor-widget-container\">\n\t\t\t\t\t\t\t<div class=\"elementor-shortcode\"><div class=\"candidature-form\">\n   <div id=\"form_success\" ><\/div>\n   <div id=\"form_error\" ><\/div>\n   <div class=\"overlaypr\" style=\"display: none;\">\n      <div class=\"overlay__inner\">\n         <div class=\"overlay__content\"><span class=\"spinner\"><\/span><\/div>\n      <\/div>\n   <\/div>\n   <form id=\"enquiry_form\" action=\"\">\n      <div id=\"datajob\" data-rest-url=\"https:\/\/energical.dz\/ar\/wp-json\/v1\/candspon-form\/submit\" ><\/div>\n      <input type=\"hidden\" id=\"_wpnonce\" name=\"_wpnonce\" value=\"5037377296\" \/><input type=\"hidden\" name=\"_wp_http_referer\" value=\"\/ar\/wp-json\/wp\/v2\/pages\/4140\" \/>      <div class=\"form-field-container\"> \n         <label for=\"name\" >\u0627\u0633\u0645<\/label>\n         <input type=\"text\" id=\"name\" name=\"name\">\n\t\t <label class=\"ar-label\" for=\"name\" >\u0627\u0644\u0627\u0633\u0645<\/label> \n      <\/div>\n      <div class=\"form-field-container\"> \n         <label for=\"stname\">\u0627\u0644\u0627\u0633\u0645 \u0627\u0644\u0623\u0648\u0644<\/label>\n         <input type=\"text\" id=\"fname\" name=\"fname\">\n\t\t <label class=\"ar-label\" for=\"fname\" >\u0627\u0644\u0644\u0642\u0628<\/label> \n      <\/div>\n      <div class=\"form-field-container\"> \n         <label for=\"phone\">\u0647\u0627\u062a\u0641<\/label>\n         <input type=\"text\" id=\"phone\" name=\"phone\">\n\t\t <label class=\"ar-label\" for=\"phone\" >\u0627\u0644\u0647\u0627\u062a\u0641<\/label>  \n      <\/div>\n      <div class=\"form-field-container\"> \n         <label for=\"email\">\u0639\u0646\u0648\u0627\u0646 \u0627\u0644\u0628\u0631\u064a\u062f \u0627\u0644\u0625\u0644\u0643\u062a\u0631\u0648\u0646\u064a<\/label>\n         <input type=\"text\" id=\"email\" name=\"email\">\n\t\t <label class=\"ar-label\" for=\"email\" >\u0627\u0644\u0628\u0631\u064a\u062f \u0627\u0644\u0627\u0644\u0643\u062a\u0631\u0648\u0646\u064a<\/label>  \n      <\/div>\n      <div class=\"form-field-container\">\n         <label for=\"wilaya\">\u0645\u0643\u0627\u0646 \u0627\u0644\u0625\u0642\u0627\u0645\u0629<\/label>\n         <select id=\"wilaya\" name=\"wilaya\" placeholder=\"Pick a wilaya...\">\n            <option value=\"\">\u0627\u062e\u062a\u0631 \u0648\u0644\u0627\u064a\u0629\u2026<\/option>\n            <option value=\"1\">\u0623\u062f\u0631\u0627\u0631<\/option>\n            <option value=\"2\">\u0627\u0644\u0634\u0644\u0641<\/option>\n            <option value=\"3\">\u0627\u0644\u0623\u063a\u0648\u0627\u0637<\/option>\n            <option value=\"4\">\u0627\u0645 \u0627\u0644\u0628\u0648\u0627\u0642\u064a<\/option>\n            <option value=\"5\">\u0628\u0627\u062a\u0646\u0629<\/option>\n            <option value=\"6\">\u0628\u062c\u0627\u064a\u0629<\/option>\n            <option value=\"7\">\u0628\u0633\u0643\u0631\u0629<\/option>\n            <option value=\"8\">\u0628\u0634\u0627\u0631<\/option>\n            <option value=\"9\">\u0627\u0644\u0628\u0644\u064a\u062f\u0629<\/option>\n            <option value=\"10\">\u0627\u0644\u0628\u0648\u064a\u0631\u0629<\/option>\n            <option value=\"11\">\u062a\u0645\u0646\u0631\u0627\u0633\u062a<\/option>\n            <option value=\"12\">\u062a\u0628\u0633\u0629<\/option>\n            <option value=\"13\">\u062a\u0644\u0645\u0633\u0627\u0646<\/option>\n            <option value=\"14\">\u062a\u064a\u0627\u0631\u062a<\/option>\n            <option value=\"15\">\u062a\u064a\u0632\u064a \u0648\u0632\u0648<\/option>\n            <option value=\"16\">\u0627\u0644\u062c\u0632\u0627\u0626\u0631<\/option>\n            <option value=\"17\">\u0627\u0644\u062c\u0644\u0641\u0629<\/option>\n            <option value=\"18\">\u062c\u064a\u062c\u0644<\/option>\n            <option value=\"19\">\u0633\u0637\u064a\u0641<\/option>\n            <option value=\"20\">\u0635\u064a\u062f\u0627<\/option>\n            <option value=\"21\">\u0633\u0643\u064a\u0643\u062f\u0629<\/option>\n            <option value=\"22\">\u0633\u064a\u062f\u064a \u0628\u0644\u0639\u0628\u0627\u0633<\/option>\n            <option value=\"23\">\u0639\u0646\u0627\u0628\u0629<\/option>\n            <option value=\"24\">\u0642\u0627\u0644\u0645\u0629<\/option>\n            <option value=\"25\">\u0642\u0633\u0646\u0637\u064a\u0646\u0629<\/option>\n            <option value=\"26\">\u0627\u0644\u0645\u062f\u064a\u0629<\/option>\n            <option value=\"27\">\u0645\u0633\u062a\u063a\u0627\u0646\u0645<\/option>\n            <option value=\"28\">\u0627\u0644\u0645\u0633\u064a\u0644\u0629<\/option>\n            <option value=\"29\">\u0645\u0627\u0633\u0643\u0627\u0631\u0627<\/option>\n            <option value=\"30\">\u0648\u0631\u0642\u0644\u0629<\/option>\n            <option value=\"31\">\u0648\u0647\u0631\u0627\u0646<\/option>\n            <option value=\"32\">\u0627\u0644\u0628\u064a\u0627\u0636<\/option>\n            <option value=\"33\">\u0625\u0644\u064a\u0632\u064a<\/option>\n            <option value=\"34\">\u0628\u0631\u062c \u0628\u0648\u0639\u0631\u064a\u0631\u064a\u062c<\/option>\n            <option value=\"35\">\u0628\u0648\u0645\u0631\u062f\u0627\u0633<\/option>\n            <option value=\"36\">\u0627\u0644\u0637\u0627\u0631\u0641<\/option>\n            <option value=\"37\">\u062a\u0646\u062f\u0648\u0641<\/option>\n            <option value=\"38\">\u062a\u064a\u0633\u0645\u0633\u064a\u0644\u062a<\/option>\n            <option value=\"39\">\u0627\u0644\u0648\u0627\u062f<\/option>\n            <option value=\"40\">\u062e\u0646\u0634\u0644\u0629<\/option>\n            <option value=\"41\">\u0633\u0648\u0642 \u0623\u0647\u0631\u0627\u0633<\/option>\n            <option value=\"42\">\u062a\u064a\u0628\u0627\u0632\u0629<\/option>\n            <option value=\"43\">\u0645\u064a\u0644\u0629<\/option>\n            <option value=\"44\">\u0639\u064a\u0646 \u0627\u0644\u062f\u0641\u0644\u0649<\/option>\n            <option value=\"45\">\u0646\u0639\u0645\u0629<\/option>\n            <option value=\"46\">\u0639\u064a\u0646 \u062a\u0645\u0648\u0634\u0646\u062a<\/option>\n            <option value=\"47\">\u063a\u0631\u062f\u0627\u064a\u0629<\/option>\n            <option value=\"48\">\u063a\u0644\u064a\u0632\u0627\u0646<\/option>\n            <option value=\"49\">\u0627\u0644\u0645\u063a\u064a\u0631<\/option>\n            <option value=\"50\">\u0627\u0644\u0645\u0646\u064a\u0627<\/option>\n            <option value=\"51\">\u0623\u0648\u0644\u0627\u062f \u062c\u0644\u0627\u0644<\/option>\n            <option value=\"52\">\u0628\u0631\u062c \u0628\u0627\u062c\u064a \u0645\u062e\u062a\u0627\u0631<\/option>\n            <option value=\"53\">\u0639\u0628\u0627\u0633 \u0627\u0644\u0645\u0628\u0627\u0631\u0643<\/option>\n            <option value=\"54\">\u062a\u064a\u0645\u064a\u0645\u0648\u0646<\/option>\n            <option value=\"55\">\u062a\u0642\u0631\u062a<\/option>\n            <option value=\"56\">\u062c\u0627\u0646\u064a\u062a<\/option>\n            <option value=\"57\">\u0641\u064a \u0635\u0644\u0627\u062d<\/option>\n            <option value=\"58\">\u0641\u064a \u0642\u0632\u0627\u0645<\/option>\n         <\/select>\n\t\t  <label class=\"ar-label\" for=\"wilaya\" >\u0645\u0643\u0627\u0646 \u0627\u0644\u0633\u0643\u0646<\/label>   \n         <br \/>\n      <\/div>\n      <div class=\"form-field-container\"> \n         <label for=\"postrechercher\">\u0628\u062d\u062b \u0639\u0646 \u0648\u0638\u064a\u0641\u0629<\/label>\n         <input type=\"text\" id=\"postrechercher\" name=\"postrechercher\">\n\t\t   <label class=\"ar-label\" for=\"postrechercher\" >\u0627\u0644\u0648\u0638\u064a\u0641\u0629 \u0627\u0644\u0645\u0631\u063a\u0648\u0628 \u0641\u064a\u0647\u0627<\/label> \n      <\/div>\n      <div class=\"form-field-container\">\n         <label>\u063a\u0637\u0627\u0621 \u0627\u0644\u0631\u0633\u0627\u0644\u0629<\/label>\n         <textarea id=\"textarea\"  name=\"lmotiv\"><\/textarea>\n\t\t <label class=\"ar-label\" for=\"lmotiv\" >\u0631\u0633\u0627\u0644\u0629 \u0637\u0644\u0628<\/label> \n\t\t  <br \/><br \/>\n      <\/div>\n      <div class=\"form-field-container\">\n         <label for=\"myfile\">\u0645\u0631\u0641\u0642 \u0627\u0644\u0633\u064a\u0631\u0629 \u0627\u0644\u0630\u0627\u062a\u064a\u0629<\/label>\n         <input type=\"file\" id=\"fdip\" name=\"fdip\" accept=\".docx,.doc,.pdf\">\n\t\t <label class=\"ar-label\" for=\"myfile\" >\u0627\u0644\u0633\u064a\u0631\u0629 \u0627\u0644\u0630\u0627\u062a\u064a\u0629<\/label> \n         <div id=\"file-upload-filename\"><\/div>\n         <br><br>\n      <\/div>\n\t  <div class=\"form-field-container\">\n            <div class=\"g-recaptcha\" data-sitekey=\"6Lenpg0pAAAAAJqwfV_ZbP8KzfMPWNmH6ivsNnTs\"><\/div>\n            <div class=\"captcha-err\"><\/div>\n      <\/div>\n      <div class=\"submit-container\">\n         <button type=\"submit\">\u064a\u0631\u0633\u0644<\/button>\n      <\/div>\n      <div class=\"validation-error-msg\"><\/div>\n   <input type=\"hidden\" name=\"trp-form-language\" value=\"ar\"\/><\/form>\n<\/div><\/div>\n\t\t\t\t\t\t<\/div>\n\t\t\t\t<\/div>\n\t\t\t\t\t<\/div>\n\t\t<\/div>\n\t\t\t\t\t<\/div>\n\t\t<\/section>\n\t\t\t\t<\/div>","protected":false},"excerpt":{"rendered":"<p>Recrutement Energical poss\u00e8de une \u00e9quipe de professionnels passionn\u00e9s et chaque membre de l&rsquo;\u00e9quipe est une pierre angulaire du succ\u00e8s de la soci\u00e9t\u00e9. Nous valorisons l&rsquo;engagement, la collaboration, l&rsquo;innovation et l&rsquo;excellence professionnelle. Nous offrons un environnement de travail stimulant et gratifiant qui permet \u00e0 chacun de se d\u00e9velopper sur le plan professionnel et personnel. Si vous [&hellip;]<\/p>\n","protected":false},"author":1,"featured_media":0,"parent":0,"menu_order":0,"comment_status":"closed","ping_status":"closed","template":"","meta":{"_acf_changed":false,"_seopress_robots_primary_cat":"","_seopress_titles_title":"","_seopress_titles_desc":"","_seopress_robots_index":"","inline_featured_image":false,"footnotes":""},"class_list":["post-4140","page","type-page","status-publish","hentry"],"acf":[],"_links":{"self":[{"href":"https:\/\/energical.dz\/ar\/wp-json\/wp\/v2\/pages\/4140","targetHints":{"allow":["GET"]}}],"collection":[{"href":"https:\/\/energical.dz\/ar\/wp-json\/wp\/v2\/pages"}],"about":[{"href":"https:\/\/energical.dz\/ar\/wp-json\/wp\/v2\/types\/page"}],"author":[{"embeddable":true,"href":"https:\/\/energical.dz\/ar\/wp-json\/wp\/v2\/users\/1"}],"replies":[{"embeddable":true,"href":"https:\/\/energical.dz\/ar\/wp-json\/wp\/v2\/comments?post=4140"}],"version-history":[{"count":0,"href":"https:\/\/energical.dz\/ar\/wp-json\/wp\/v2\/pages\/4140\/revisions"}],"wp:attachment":[{"href":"https:\/\/energical.dz\/ar\/wp-json\/wp\/v2\/media?parent=4140"}],"curies":[{"name":"wp","href":"https:\/\/api.w.org\/{rel}","templated":true}]}}