{"id":685,"date":"2023-03-03T18:24:38","date_gmt":"2023-03-03T17:24:38","guid":{"rendered":"https:\/\/energical.dz\/?page_id=685"},"modified":"2023-11-13T14:09:29","modified_gmt":"2023-11-13T13:09:29","slug":"rse-mecenat","status":"publish","type":"page","link":"https:\/\/energical.dz\/ar\/rse-mecenat\/","title":{"rendered":"\u0627\u0644\u0645\u0633\u0624\u0648\u0644\u064a\u0629 \u0627\u0644\u0627\u062c\u062a\u0645\u0627\u0639\u064a\u0629 \u0644\u0644\u0634\u0631\u0643\u0627\u062a \u0648\u0627\u0644\u0631\u0639\u0627\u064a\u0629"},"content":{"rendered":"<div data-elementor-type=\"wp-page\" data-elementor-id=\"685\" class=\"elementor elementor-685\" data-elementor-post-type=\"page\">\n\t\t\t\t\t\t<section class=\"elementor-section elementor-top-section elementor-element elementor-element-68e21ee elementor-section-height-min-height elementor-section-boxed elementor-section-height-default elementor-section-items-middle\" data-id=\"68e21ee\" data-element_type=\"section\" data-e-type=\"section\" data-settings=\"{&quot;background_background&quot;:&quot;classic&quot;}\">\n\t\t\t\t\t\t<div class=\"elementor-container elementor-column-gap-default\">\n\t\t\t\t\t<div class=\"elementor-column elementor-col-100 elementor-top-column elementor-element elementor-element-f4a9c49\" data-id=\"f4a9c49\" data-element_type=\"column\" data-e-type=\"column\">\n\t\t\t<div class=\"elementor-widget-wrap elementor-element-populated\">\n\t\t\t\t\t\t<div class=\"elementor-element elementor-element-c922a4a elementor-widget elementor-widget-heading\" data-id=\"c922a4a\" data-element_type=\"widget\" data-e-type=\"widget\" data-widget_type=\"heading.default\">\n\t\t\t\t<div class=\"elementor-widget-container\">\n\t\t\t\t\t<h2 class=\"elementor-heading-title elementor-size-default\">\u0627\u0644\u0645\u0633\u0624\u0648\u0644\u064a\u0629 \u0627\u0644\u0627\u062c\u062a\u0645\u0627\u0639\u064a\u0629 \u0644\u0644\u0634\u0631\u0643\u0627\u062a \u0648\u0627\u0644\u0631\u0639\u0627\u064a\u0629<\/h2>\t\t\t\t<\/div>\n\t\t\t\t<\/div>\n\t\t\t\t\t<\/div>\n\t\t<\/div>\n\t\t\t\t\t<\/div>\n\t\t<\/section>\n\t\t\t\t<section class=\"elementor-section elementor-top-section elementor-element elementor-element-de56a96 elementor-reverse-mobile elementor-section-boxed elementor-section-height-default elementor-section-height-default\" data-id=\"de56a96\" data-element_type=\"section\" data-e-type=\"section\">\n\t\t\t\t\t\t<div class=\"elementor-container elementor-column-gap-default\">\n\t\t\t\t\t<div class=\"elementor-column elementor-col-50 elementor-top-column elementor-element elementor-element-d73e80a\" data-id=\"d73e80a\" data-element_type=\"column\" data-e-type=\"column\">\n\t\t\t<div class=\"elementor-widget-wrap elementor-element-populated\">\n\t\t\t\t\t\t<div class=\"elementor-element elementor-element-31ff6f5 elementor-widget elementor-widget-image\" data-id=\"31ff6f5\" data-element_type=\"widget\" data-e-type=\"widget\" data-widget_type=\"image.default\">\n\t\t\t\t<div class=\"elementor-widget-container\">\n\t\t\t\t\t\t\t\t\t\t\t\t\t\t\t<img fetchpriority=\"high\" decoding=\"async\" width=\"525\" height=\"672\" src=\"https:\/\/energical.dz\/wp-content\/uploads\/2023\/03\/Rectangle-1851-2.png\" class=\"attachment-large size-large wp-image-815\" alt=\"\" srcset=\"https:\/\/energical.dz\/wp-content\/uploads\/2023\/03\/Rectangle-1851-2.png 525w, https:\/\/energical.dz\/wp-content\/uploads\/2023\/03\/Rectangle-1851-2-234x300.png 234w\" sizes=\"(max-width: 525px) 100vw, 525px\" \/>\t\t\t\t\t\t\t\t\t\t\t\t\t\t\t<\/div>\n\t\t\t\t<\/div>\n\t\t\t\t\t<\/div>\n\t\t<\/div>\n\t\t\t\t<div class=\"elementor-column elementor-col-50 elementor-top-column elementor-element elementor-element-9793f89\" data-id=\"9793f89\" data-element_type=\"column\" data-e-type=\"column\">\n\t\t\t<div class=\"elementor-widget-wrap elementor-element-populated\">\n\t\t\t\t\t\t<div class=\"elementor-element elementor-element-35c3ce1 elementor-widget-divider--view-line elementor-widget elementor-widget-divider\" data-id=\"35c3ce1\" data-element_type=\"widget\" data-e-type=\"widget\" data-widget_type=\"divider.default\">\n\t\t\t\t<div class=\"elementor-widget-container\">\n\t\t\t\t\t\t\t<div class=\"elementor-divider\">\n\t\t\t<span class=\"elementor-divider-separator\">\n\t\t\t\t\t\t<\/span>\n\t\t<\/div>\n\t\t\t\t\t\t<\/div>\n\t\t\t\t<\/div>\n\t\t\t\t<div class=\"elementor-element elementor-element-b876d4e elementor-widget elementor-widget-text-editor\" data-id=\"b876d4e\" data-element_type=\"widget\" data-e-type=\"widget\" data-widget_type=\"text-editor.default\">\n\t\t\t\t<div class=\"elementor-widget-container\">\n\t\t\t\t\t\t\t\t\t<p>Energical \u0647\u064a \u0634\u0631\u0643\u0629 \u0645\u0644\u062a\u0632\u0645\u0629 \u062a\u062c\u0627\u0647 \u0627\u0644\u0645\u062c\u062a\u0645\u0639. \u0648\u0647\u064a \u0645\u0642\u062a\u0646\u0639\u0629 \u0628\u0623\u0646 \u0646\u062c\u0627\u062d\u0647\u0627 \u064a\u0631\u062a\u0628\u0637 \u0627\u0631\u062a\u0628\u0627\u0637\u064b\u0627 \u0648\u062b\u064a\u0642\u064b\u0627 \u0628\u0646\u0648\u0639\u064a\u0629 \u062d\u064a\u0627\u0629 \u0627\u0644\u0645\u062c\u062a\u0645\u0639 \u0627\u0644\u0630\u064a \u062a\u0639\u0645\u0644 \u0641\u064a\u0647. \u0648\u0644\u0647\u0630\u0627 \u0627\u0644\u0633\u0628\u0628 \u062a\u062f\u0639\u0645 \u0625\u0646\u0631\u062c\u064a\u0643\u0627\u0644 \u0628\u0646\u0634\u0627\u0637 \u0627\u0644\u062c\u0645\u0639\u064a\u0627\u062a \u0648\u0627\u0644\u0623\u0646\u062f\u064a\u0629 \u0627\u0644\u0631\u064a\u0627\u0636\u064a\u0629 \u0627\u0644\u0645\u062d\u0644\u064a\u0629\u060c \u0643\u0645\u0627 \u062a\u0634\u0627\u0631\u0643 \u0625\u0646\u0631\u062c\u064a\u0643\u0627\u0644 \u0641\u064a \u0627\u0644\u0623\u062d\u062f\u0627\u062b \u0627\u0644\u0639\u0644\u0645\u064a\u0629 \u0648\u0627\u0644\u062b\u0642\u0627\u0641\u064a\u0629 \u0644\u062a\u0634\u062c\u064a\u0639 \u0627\u0644\u0645\u0628\u0627\u062f\u0631\u0627\u062a \u0630\u0627\u062a \u0627\u0644\u0642\u064a\u0645\u0629 \u0627\u0644\u0645\u0636\u0627\u0641\u0629 \u0641\u064a \u0627\u0644\u062c\u0632\u0627\u0626\u0631. <br \/>\u0641\u064a \u0634\u0631\u0643\u0629 Energical\u060c \u062a\u0639\u062a\u0628\u0631 \u0627\u0644\u0645\u0633\u0624\u0648\u0644\u064a\u0629 \u0627\u0644\u0627\u062c\u062a\u0645\u0627\u0639\u064a\u0629 \u0644\u0644\u0634\u0631\u0643\u0627\u062a \u062c\u0632\u0621\u064b\u0627 \u0644\u0627 \u064a\u062a\u062c\u0632\u0623 \u0645\u0646 \u0627\u0633\u062a\u0631\u0627\u062a\u064a\u062c\u064a\u0629 \u0627\u0644\u0634\u0631\u0643\u0629 \u0648\u064a\u062a\u0645 \u0623\u062e\u0630\u0647\u0627 \u0639\u0644\u0649 \u0645\u062d\u0645\u0644 \u0627\u0644\u062c\u062f. \u062a\u0641\u062a\u062e\u0631 \u0627\u0644\u0634\u0631\u0643\u0629 \u0628\u0627\u0644\u062a\u0632\u0627\u0645\u0647\u0627 \u062a\u062c\u0627\u0647 \u0627\u0644\u0645\u062c\u062a\u0645\u0639\u0627\u062a \u0627\u0644\u0645\u062d\u0644\u064a\u0629 \u0648\u062a\u0644\u062a\u0632\u0645 \u0628\u0645\u0648\u0627\u0635\u0644\u0629 \u0627\u0644\u0639\u0645\u0644 \u0644\u062a\u062d\u0633\u064a\u0646 \u0646\u0648\u0639\u064a\u0629 \u0627\u0644\u062d\u064a\u0627\u0629 \u0644\u0645\u0648\u0638\u0641\u064a\u0647\u0627 \u0648\u0639\u0645\u0644\u0627\u0626\u0647\u0627 \u0648\u0627\u0644\u0645\u062c\u062a\u0645\u0639 \u0643\u0643\u0644.<\/p>\t\t\t\t\t\t\t\t<\/div>\n\t\t\t\t<\/div>\n\t\t\t\t<div class=\"elementor-element elementor-element-b5b6d0f elementor-widget__width-auto elementor-widget elementor-widget-image\" data-id=\"b5b6d0f\" data-element_type=\"widget\" data-e-type=\"widget\" data-widget_type=\"image.default\">\n\t\t\t\t<div class=\"elementor-widget-container\">\n\t\t\t\t\t\t\t\t\t\t\t\t\t\t\t<img decoding=\"async\" width=\"146\" height=\"128\" src=\"https:\/\/energical.dz\/wp-content\/uploads\/2023\/03\/image-2.png\" class=\"attachment-large size-large wp-image-817\" alt=\"\" \/>\t\t\t\t\t\t\t\t\t\t\t\t\t\t\t<\/div>\n\t\t\t\t<\/div>\n\t\t\t\t<div class=\"elementor-element elementor-element-dd96dae elementor-widget__width-auto elementor-widget elementor-widget-image\" data-id=\"dd96dae\" data-element_type=\"widget\" data-e-type=\"widget\" data-widget_type=\"image.default\">\n\t\t\t\t<div class=\"elementor-widget-container\">\n\t\t\t\t\t\t\t\t\t\t\t\t\t\t\t<img decoding=\"async\" width=\"119\" height=\"118\" src=\"https:\/\/energical.dz\/wp-content\/uploads\/2023\/03\/image-4.png\" class=\"attachment-large size-large wp-image-819\" alt=\"\" \/>\t\t\t\t\t\t\t\t\t\t\t\t\t\t\t<\/div>\n\t\t\t\t<\/div>\n\t\t\t\t\t<\/div>\n\t\t<\/div>\n\t\t\t\t\t<\/div>\n\t\t<\/section>\n\t\t\t\t<\/div>","protected":false},"excerpt":{"rendered":"<p>rse &#038; m\u00e9c\u00e9nat Energical est une entreprise engag\u00e9e vis-\u00e0-vis de la soci\u00e9t\u00e9. Elle est convaincue que sa r\u00e9ussite est \u00e9troitement li\u00e9e \u00e0 la qualit\u00e9 de vie de la communaut\u00e9 dans laquelle elle op\u00e8re. C&rsquo;est pourquoi Energical soutient activement les associations et les clubs sportifs locaux, Energical s&rsquo;engage \u00e9galement dans des \u00e9v\u00e9nements scientifiques et culturels pour [&hellip;]<\/p>\n","protected":false},"author":1,"featured_media":0,"parent":0,"menu_order":0,"comment_status":"closed","ping_status":"closed","template":"","meta":{"_acf_changed":false,"_seopress_robots_primary_cat":"","_seopress_titles_title":"","_seopress_titles_desc":"","_seopress_robots_index":"","inline_featured_image":false,"footnotes":""},"class_list":["post-685","page","type-page","status-publish","hentry"],"acf":[],"_links":{"self":[{"href":"https:\/\/energical.dz\/ar\/wp-json\/wp\/v2\/pages\/685","targetHints":{"allow":["GET"]}}],"collection":[{"href":"https:\/\/energical.dz\/ar\/wp-json\/wp\/v2\/pages"}],"about":[{"href":"https:\/\/energical.dz\/ar\/wp-json\/wp\/v2\/types\/page"}],"author":[{"embeddable":true,"href":"https:\/\/energical.dz\/ar\/wp-json\/wp\/v2\/users\/1"}],"replies":[{"embeddable":true,"href":"https:\/\/energical.dz\/ar\/wp-json\/wp\/v2\/comments?post=685"}],"version-history":[{"count":0,"href":"https:\/\/energical.dz\/ar\/wp-json\/wp\/v2\/pages\/685\/revisions"}],"wp:attachment":[{"href":"https:\/\/energical.dz\/ar\/wp-json\/wp\/v2\/media?parent=685"}],"curies":[{"name":"wp","href":"https:\/\/api.w.org\/{rel}","templated":true}]}}