{"id":4140,"date":"2023-11-07T15:00:17","date_gmt":"2023-11-07T14:00:17","guid":{"rendered":"https:\/\/energical.dz\/?page_id=4140"},"modified":"2023-11-20T12:10:33","modified_gmt":"2023-11-20T11:10:33","slug":"recrutement","status":"publish","type":"page","link":"https:\/\/energical.dz\/en\/recrutement\/","title":{"rendered":"Recruitment"},"content":{"rendered":"<div data-elementor-type=\"wp-page\" data-elementor-id=\"4140\" class=\"elementor elementor-4140\" data-elementor-post-type=\"page\">\n\t\t\t\t\t\t<section class=\"elementor-section elementor-top-section elementor-element elementor-element-49f5c08 elementor-section-height-min-height elementor-section-boxed elementor-section-height-default elementor-section-items-middle\" data-id=\"49f5c08\" data-element_type=\"section\" data-e-type=\"section\" data-settings=\"{&quot;background_background&quot;:&quot;classic&quot;}\">\n\t\t\t\t\t\t<div class=\"elementor-container elementor-column-gap-default\">\n\t\t\t\t\t<div class=\"elementor-column elementor-col-100 elementor-top-column elementor-element elementor-element-c70f439\" data-id=\"c70f439\" data-element_type=\"column\" data-e-type=\"column\">\n\t\t\t<div class=\"elementor-widget-wrap elementor-element-populated\">\n\t\t\t\t\t\t<div class=\"elementor-element elementor-element-880ee00 elementor-widget elementor-widget-heading\" data-id=\"880ee00\" data-element_type=\"widget\" data-e-type=\"widget\" data-widget_type=\"heading.default\">\n\t\t\t\t<div class=\"elementor-widget-container\">\n\t\t\t\t\t<h2 class=\"elementor-heading-title elementor-size-default\">Recruitment<\/h2>\t\t\t\t<\/div>\n\t\t\t\t<\/div>\n\t\t\t\t\t<\/div>\n\t\t<\/div>\n\t\t\t\t\t<\/div>\n\t\t<\/section>\n\t\t\t\t<section class=\"elementor-section elementor-top-section elementor-element elementor-element-57976b3 elementor-section-boxed elementor-section-height-default elementor-section-height-default\" data-id=\"57976b3\" data-element_type=\"section\" data-e-type=\"section\">\n\t\t\t\t\t\t<div class=\"elementor-container elementor-column-gap-default\">\n\t\t\t\t\t<div class=\"elementor-column elementor-col-100 elementor-top-column elementor-element elementor-element-acf61bb\" data-id=\"acf61bb\" data-element_type=\"column\" data-e-type=\"column\">\n\t\t\t<div class=\"elementor-widget-wrap elementor-element-populated\">\n\t\t\t\t\t\t<div class=\"elementor-element elementor-element-185b47c elementor-widget-divider--view-line elementor-widget elementor-widget-divider\" data-id=\"185b47c\" data-element_type=\"widget\" data-e-type=\"widget\" data-widget_type=\"divider.default\">\n\t\t\t\t<div class=\"elementor-widget-container\">\n\t\t\t\t\t\t\t<div class=\"elementor-divider\">\n\t\t\t<span class=\"elementor-divider-separator\">\n\t\t\t\t\t\t<\/span>\n\t\t<\/div>\n\t\t\t\t\t\t<\/div>\n\t\t\t\t<\/div>\n\t\t\t\t<div class=\"elementor-element elementor-element-7115978 elementor-widget elementor-widget-text-editor\" data-id=\"7115978\" data-element_type=\"widget\" data-e-type=\"widget\" data-widget_type=\"text-editor.default\">\n\t\t\t\t<div class=\"elementor-widget-container\">\n\t\t\t\t\t\t\t\t\t<p>Energical has a team of passionate professionals and each team member is a cornerstone of the company&#039;s success. We value commitment, collaboration, innovation and professional excellence. We offer a stimulating and rewarding work environment that allows everyone to develop professionally and personally.<\/p><p>If you share our values and our passion for innovation and quality, we invite you to send your CV now and fill out the form below<\/p>\t\t\t\t\t\t\t\t<\/div>\n\t\t\t\t<\/div>\n\t\t\t\t<div class=\"elementor-element elementor-element-cbded74 elementor-widget elementor-widget-shortcode\" data-id=\"cbded74\" data-element_type=\"widget\" data-e-type=\"widget\" data-widget_type=\"shortcode.default\">\n\t\t\t\t<div class=\"elementor-widget-container\">\n\t\t\t\t\t\t\t<div class=\"elementor-shortcode\"><div class=\"candidature-form\">\n   <div id=\"form_success\" ><\/div>\n   <div id=\"form_error\" ><\/div>\n   <div class=\"overlaypr\" style=\"display: none;\">\n      <div class=\"overlay__inner\">\n         <div class=\"overlay__content\"><span class=\"spinner\"><\/span><\/div>\n      <\/div>\n   <\/div>\n   <form id=\"enquiry_form\" action=\"\">\n      <div id=\"datajob\" data-rest-url=\"https:\/\/energical.dz\/en\/wp-json\/v1\/candspon-form\/submit\" ><\/div>\n      <input type=\"hidden\" id=\"_wpnonce\" name=\"_wpnonce\" value=\"5037377296\" \/><input type=\"hidden\" name=\"_wp_http_referer\" value=\"\/en\/wp-json\/wp\/v2\/pages\/4140\" \/>      <div class=\"form-field-container\"> \n         <label for=\"name\" >Name<\/label>\n         <input type=\"text\" id=\"name\" name=\"name\">\n\t\t <label class=\"ar-label\" for=\"name\" >\u0627\u0644\u0627\u0633\u0645<\/label> \n      <\/div>\n      <div class=\"form-field-container\"> \n         <label for=\"stname\">First name<\/label>\n         <input type=\"text\" id=\"fname\" name=\"fname\">\n\t\t <label class=\"ar-label\" for=\"fname\" >\u0627\u0644\u0644\u0642\u0628<\/label> \n      <\/div>\n      <div class=\"form-field-container\"> \n         <label for=\"phone\">Phone<\/label>\n         <input type=\"text\" id=\"phone\" name=\"phone\">\n\t\t <label class=\"ar-label\" for=\"phone\" >\u0627\u0644\u0647\u0627\u062a\u0641<\/label>  \n      <\/div>\n      <div class=\"form-field-container\"> \n         <label for=\"email\">Mail address<\/label>\n         <input type=\"text\" id=\"email\" name=\"email\">\n\t\t <label class=\"ar-label\" for=\"email\" >\u0627\u0644\u0628\u0631\u064a\u062f \u0627\u0644\u0627\u0644\u0643\u062a\u0631\u0648\u0646\u064a<\/label>  \n      <\/div>\n      <div class=\"form-field-container\">\n         <label for=\"wilaya\">Place of residence<\/label>\n         <select id=\"wilaya\" name=\"wilaya\" placeholder=\"Pick a wilaya...\">\n            <option value=\"\">Select a wilaya\u2026<\/option>\n            <option value=\"1\">Adrar<\/option>\n            <option value=\"2\">Chlef<\/option>\n            <option value=\"3\">Laghouat<\/option>\n            <option value=\"4\">Oum El Bouaghi<\/option>\n            <option value=\"5\">Batna<\/option>\n            <option value=\"6\">B\u00e9ja\u00efa<\/option>\n            <option value=\"7\">Biskra<\/option>\n            <option value=\"8\">Bechar<\/option>\n            <option value=\"9\">Blida<\/option>\n            <option value=\"10\">Bouira<\/option>\n            <option value=\"11\">Tamanrasset<\/option>\n            <option value=\"12\">Tbessa<\/option>\n            <option value=\"13\">Tlemcen<\/option>\n            <option value=\"14\">Tiaret<\/option>\n            <option value=\"15\">Tizi Ouzou<\/option>\n            <option value=\"16\">Alger<\/option>\n            <option value=\"17\">Djelfa<\/option>\n            <option value=\"18\">Jijel<\/option>\n            <option value=\"19\">Setif<\/option>\n            <option value=\"20\">Saida<\/option>\n            <option value=\"21\">Skikda<\/option>\n            <option value=\"22\">Sidi bel abbes<\/option>\n            <option value=\"23\">Annaba<\/option>\n            <option value=\"24\">Guelma<\/option>\n            <option value=\"25\">Constantine<\/option>\n            <option value=\"26\">Medea<\/option>\n            <option value=\"27\">Mostaganem<\/option>\n            <option value=\"28\">M\u2019Sila<\/option>\n            <option value=\"29\">Mascara<\/option>\n            <option value=\"30\">Ouargla<\/option>\n            <option value=\"31\">Oran<\/option>\n            <option value=\"32\">El Bayadh<\/option>\n            <option value=\"33\">Illizi<\/option>\n            <option value=\"34\">Bordj Bou Arreridj<\/option>\n            <option value=\"35\">Boumerdes<\/option>\n            <option value=\"36\">El Tarf<\/option>\n            <option value=\"37\">Tindouf<\/option>\n            <option value=\"38\">Tissemsilt<\/option>\n            <option value=\"39\">El Oued<\/option>\n            <option value=\"40\">Khenchela<\/option>\n            <option value=\"41\">Souk Ahras<\/option>\n            <option value=\"42\">Tipaza<\/option>\n            <option value=\"43\">Mila<\/option>\n            <option value=\"44\">A\u00efn Defla<\/option>\n            <option value=\"45\">Na\u00e2ma<\/option>\n            <option value=\"46\">A\u00efn Temouchent<\/option>\n            <option value=\"47\">Ghardaia<\/option>\n            <option value=\"48\">Relizane<\/option>\n            <option value=\"49\">El M&#039;ghair<\/option>\n            <option value=\"50\">El Menia<\/option>\n            <option value=\"51\">Ouled Djellal<\/option>\n            <option value=\"52\">Bordj Baji Mokhtar<\/option>\n            <option value=\"53\">Blessed Abbes<\/option>\n            <option value=\"54\">Timimoun<\/option>\n            <option value=\"55\">Touggourt<\/option>\n            <option value=\"56\">Djanet<\/option>\n            <option value=\"57\">In Salah<\/option>\n            <option value=\"58\">In Guezzam<\/option>\n         <\/select>\n\t\t  <label class=\"ar-label\" for=\"wilaya\" >\u0645\u0643\u0627\u0646 \u0627\u0644\u0633\u0643\u0646<\/label>   \n         <br \/>\n      <\/div>\n      <div class=\"form-field-container\"> \n         <label for=\"postrechercher\">Job sought<\/label>\n         <input type=\"text\" id=\"postrechercher\" name=\"postrechercher\">\n\t\t   <label class=\"ar-label\" for=\"postrechercher\" >\u0627\u0644\u0648\u0638\u064a\u0641\u0629 \u0627\u0644\u0645\u0631\u063a\u0648\u0628 \u0641\u064a\u0647\u0627<\/label> \n      <\/div>\n      <div class=\"form-field-container\">\n         <label>Cover letter<\/label>\n         <textarea id=\"textarea\"  name=\"lmotiv\"><\/textarea>\n\t\t <label class=\"ar-label\" for=\"lmotiv\" >\u0631\u0633\u0627\u0644\u0629 \u0637\u0644\u0628<\/label> \n\t\t  <br \/><br \/>\n      <\/div>\n      <div class=\"form-field-container\">\n         <label for=\"myfile\">CV attachment<\/label>\n         <input type=\"file\" id=\"fdip\" name=\"fdip\" accept=\".docx,.doc,.pdf\">\n\t\t <label class=\"ar-label\" for=\"myfile\" >\u0627\u0644\u0633\u064a\u0631\u0629 \u0627\u0644\u0630\u0627\u062a\u064a\u0629<\/label> \n         <div id=\"file-upload-filename\"><\/div>\n         <br><br>\n      <\/div>\n\t  <div class=\"form-field-container\">\n            <div class=\"g-recaptcha\" data-sitekey=\"6Lenpg0pAAAAAJqwfV_ZbP8KzfMPWNmH6ivsNnTs\"><\/div>\n            <div class=\"captcha-err\"><\/div>\n      <\/div>\n      <div class=\"submit-container\">\n         <button type=\"submit\">Send<\/button>\n      <\/div>\n      <div class=\"validation-error-msg\"><\/div>\n   <input type=\"hidden\" name=\"trp-form-language\" value=\"en\"\/><\/form>\n<\/div><\/div>\n\t\t\t\t\t\t<\/div>\n\t\t\t\t<\/div>\n\t\t\t\t\t<\/div>\n\t\t<\/div>\n\t\t\t\t\t<\/div>\n\t\t<\/section>\n\t\t\t\t<\/div>","protected":false},"excerpt":{"rendered":"<p>Recrutement Energical poss\u00e8de une \u00e9quipe de professionnels passionn\u00e9s et chaque membre de l&rsquo;\u00e9quipe est une pierre angulaire du succ\u00e8s de la soci\u00e9t\u00e9. Nous valorisons l&rsquo;engagement, la collaboration, l&rsquo;innovation et l&rsquo;excellence professionnelle. Nous offrons un environnement de travail stimulant et gratifiant qui permet \u00e0 chacun de se d\u00e9velopper sur le plan professionnel et personnel. Si vous [&hellip;]<\/p>\n","protected":false},"author":1,"featured_media":0,"parent":0,"menu_order":0,"comment_status":"closed","ping_status":"closed","template":"","meta":{"_acf_changed":false,"_seopress_robots_primary_cat":"","_seopress_titles_title":"","_seopress_titles_desc":"","_seopress_robots_index":"","inline_featured_image":false,"footnotes":""},"class_list":["post-4140","page","type-page","status-publish","hentry"],"acf":[],"_links":{"self":[{"href":"https:\/\/energical.dz\/en\/wp-json\/wp\/v2\/pages\/4140","targetHints":{"allow":["GET"]}}],"collection":[{"href":"https:\/\/energical.dz\/en\/wp-json\/wp\/v2\/pages"}],"about":[{"href":"https:\/\/energical.dz\/en\/wp-json\/wp\/v2\/types\/page"}],"author":[{"embeddable":true,"href":"https:\/\/energical.dz\/en\/wp-json\/wp\/v2\/users\/1"}],"replies":[{"embeddable":true,"href":"https:\/\/energical.dz\/en\/wp-json\/wp\/v2\/comments?post=4140"}],"version-history":[{"count":0,"href":"https:\/\/energical.dz\/en\/wp-json\/wp\/v2\/pages\/4140\/revisions"}],"wp:attachment":[{"href":"https:\/\/energical.dz\/en\/wp-json\/wp\/v2\/media?parent=4140"}],"curies":[{"name":"wp","href":"https:\/\/api.w.org\/{rel}","templated":true}]}}