{"id":685,"date":"2023-03-03T18:24:38","date_gmt":"2023-03-03T17:24:38","guid":{"rendered":"https:\/\/energical.dz\/?page_id=685"},"modified":"2023-11-13T14:09:29","modified_gmt":"2023-11-13T13:09:29","slug":"rse-mecenat","status":"publish","type":"page","link":"https:\/\/energical.dz\/en\/rse-mecenat\/","title":{"rendered":"CSR &amp; Patronage"},"content":{"rendered":"<div data-elementor-type=\"wp-page\" data-elementor-id=\"685\" class=\"elementor elementor-685\" data-elementor-post-type=\"page\">\n\t\t\t\t\t\t<section class=\"elementor-section elementor-top-section elementor-element elementor-element-68e21ee elementor-section-height-min-height elementor-section-boxed elementor-section-height-default elementor-section-items-middle\" data-id=\"68e21ee\" data-element_type=\"section\" data-e-type=\"section\" data-settings=\"{&quot;background_background&quot;:&quot;classic&quot;}\">\n\t\t\t\t\t\t<div class=\"elementor-container elementor-column-gap-default\">\n\t\t\t\t\t<div class=\"elementor-column elementor-col-100 elementor-top-column elementor-element elementor-element-f4a9c49\" data-id=\"f4a9c49\" data-element_type=\"column\" data-e-type=\"column\">\n\t\t\t<div class=\"elementor-widget-wrap elementor-element-populated\">\n\t\t\t\t\t\t<div class=\"elementor-element elementor-element-c922a4a elementor-widget elementor-widget-heading\" data-id=\"c922a4a\" data-element_type=\"widget\" data-e-type=\"widget\" data-widget_type=\"heading.default\">\n\t\t\t\t<div class=\"elementor-widget-container\">\n\t\t\t\t\t<h2 class=\"elementor-heading-title elementor-size-default\">CSR &amp; sponsorship<\/h2>\t\t\t\t<\/div>\n\t\t\t\t<\/div>\n\t\t\t\t\t<\/div>\n\t\t<\/div>\n\t\t\t\t\t<\/div>\n\t\t<\/section>\n\t\t\t\t<section class=\"elementor-section elementor-top-section elementor-element elementor-element-de56a96 elementor-reverse-mobile elementor-section-boxed elementor-section-height-default elementor-section-height-default\" data-id=\"de56a96\" data-element_type=\"section\" data-e-type=\"section\">\n\t\t\t\t\t\t<div class=\"elementor-container elementor-column-gap-default\">\n\t\t\t\t\t<div class=\"elementor-column elementor-col-50 elementor-top-column elementor-element elementor-element-d73e80a\" data-id=\"d73e80a\" data-element_type=\"column\" data-e-type=\"column\">\n\t\t\t<div class=\"elementor-widget-wrap elementor-element-populated\">\n\t\t\t\t\t\t<div class=\"elementor-element elementor-element-31ff6f5 elementor-widget elementor-widget-image\" data-id=\"31ff6f5\" data-element_type=\"widget\" data-e-type=\"widget\" data-widget_type=\"image.default\">\n\t\t\t\t<div class=\"elementor-widget-container\">\n\t\t\t\t\t\t\t\t\t\t\t\t\t\t\t<img fetchpriority=\"high\" decoding=\"async\" width=\"525\" height=\"672\" src=\"https:\/\/energical.dz\/wp-content\/uploads\/2023\/03\/Rectangle-1851-2.png\" class=\"attachment-large size-large wp-image-815\" alt=\"\" srcset=\"https:\/\/energical.dz\/wp-content\/uploads\/2023\/03\/Rectangle-1851-2.png 525w, https:\/\/energical.dz\/wp-content\/uploads\/2023\/03\/Rectangle-1851-2-234x300.png 234w\" sizes=\"(max-width: 525px) 100vw, 525px\" \/>\t\t\t\t\t\t\t\t\t\t\t\t\t\t\t<\/div>\n\t\t\t\t<\/div>\n\t\t\t\t\t<\/div>\n\t\t<\/div>\n\t\t\t\t<div class=\"elementor-column elementor-col-50 elementor-top-column elementor-element elementor-element-9793f89\" data-id=\"9793f89\" data-element_type=\"column\" data-e-type=\"column\">\n\t\t\t<div class=\"elementor-widget-wrap elementor-element-populated\">\n\t\t\t\t\t\t<div class=\"elementor-element elementor-element-35c3ce1 elementor-widget-divider--view-line elementor-widget elementor-widget-divider\" data-id=\"35c3ce1\" data-element_type=\"widget\" data-e-type=\"widget\" data-widget_type=\"divider.default\">\n\t\t\t\t<div class=\"elementor-widget-container\">\n\t\t\t\t\t\t\t<div class=\"elementor-divider\">\n\t\t\t<span class=\"elementor-divider-separator\">\n\t\t\t\t\t\t<\/span>\n\t\t<\/div>\n\t\t\t\t\t\t<\/div>\n\t\t\t\t<\/div>\n\t\t\t\t<div class=\"elementor-element elementor-element-b876d4e elementor-widget elementor-widget-text-editor\" data-id=\"b876d4e\" data-element_type=\"widget\" data-e-type=\"widget\" data-widget_type=\"text-editor.default\">\n\t\t\t\t<div class=\"elementor-widget-container\">\n\t\t\t\t\t\t\t\t\t<p>Energical is a company committed to society. She is convinced that her success is closely linked to the quality of life of the community in which she operates. This is why Energical actively supports local sports associations and clubs. Energical also engages in scientific and cultural events to encourage value-added initiatives in Algeria. <br \/>At Energical, corporate social responsibility is considered an integral part of the company&#039;s strategy and is taken very seriously. The company prides itself on its commitment to local communities and is committed to continuing to work to improve the quality of life for its employees, customers and society as a whole.<\/p>\t\t\t\t\t\t\t\t<\/div>\n\t\t\t\t<\/div>\n\t\t\t\t<div class=\"elementor-element elementor-element-b5b6d0f elementor-widget__width-auto elementor-widget elementor-widget-image\" data-id=\"b5b6d0f\" data-element_type=\"widget\" data-e-type=\"widget\" data-widget_type=\"image.default\">\n\t\t\t\t<div class=\"elementor-widget-container\">\n\t\t\t\t\t\t\t\t\t\t\t\t\t\t\t<img decoding=\"async\" width=\"146\" height=\"128\" src=\"https:\/\/energical.dz\/wp-content\/uploads\/2023\/03\/image-2.png\" class=\"attachment-large size-large wp-image-817\" alt=\"\" \/>\t\t\t\t\t\t\t\t\t\t\t\t\t\t\t<\/div>\n\t\t\t\t<\/div>\n\t\t\t\t<div class=\"elementor-element elementor-element-dd96dae elementor-widget__width-auto elementor-widget elementor-widget-image\" data-id=\"dd96dae\" data-element_type=\"widget\" data-e-type=\"widget\" data-widget_type=\"image.default\">\n\t\t\t\t<div class=\"elementor-widget-container\">\n\t\t\t\t\t\t\t\t\t\t\t\t\t\t\t<img decoding=\"async\" width=\"119\" height=\"118\" src=\"https:\/\/energical.dz\/wp-content\/uploads\/2023\/03\/image-4.png\" class=\"attachment-large size-large wp-image-819\" alt=\"\" \/>\t\t\t\t\t\t\t\t\t\t\t\t\t\t\t<\/div>\n\t\t\t\t<\/div>\n\t\t\t\t\t<\/div>\n\t\t<\/div>\n\t\t\t\t\t<\/div>\n\t\t<\/section>\n\t\t\t\t<\/div>","protected":false},"excerpt":{"rendered":"<p>rse &#038; m\u00e9c\u00e9nat Energical est une entreprise engag\u00e9e vis-\u00e0-vis de la soci\u00e9t\u00e9. Elle est convaincue que sa r\u00e9ussite est \u00e9troitement li\u00e9e \u00e0 la qualit\u00e9 de vie de la communaut\u00e9 dans laquelle elle op\u00e8re. C&rsquo;est pourquoi Energical soutient activement les associations et les clubs sportifs locaux, Energical s&rsquo;engage \u00e9galement dans des \u00e9v\u00e9nements scientifiques et culturels pour [&hellip;]<\/p>\n","protected":false},"author":1,"featured_media":0,"parent":0,"menu_order":0,"comment_status":"closed","ping_status":"closed","template":"","meta":{"_acf_changed":false,"_seopress_robots_primary_cat":"","_seopress_titles_title":"","_seopress_titles_desc":"","_seopress_robots_index":"","inline_featured_image":false,"footnotes":""},"class_list":["post-685","page","type-page","status-publish","hentry"],"acf":[],"_links":{"self":[{"href":"https:\/\/energical.dz\/en\/wp-json\/wp\/v2\/pages\/685","targetHints":{"allow":["GET"]}}],"collection":[{"href":"https:\/\/energical.dz\/en\/wp-json\/wp\/v2\/pages"}],"about":[{"href":"https:\/\/energical.dz\/en\/wp-json\/wp\/v2\/types\/page"}],"author":[{"embeddable":true,"href":"https:\/\/energical.dz\/en\/wp-json\/wp\/v2\/users\/1"}],"replies":[{"embeddable":true,"href":"https:\/\/energical.dz\/en\/wp-json\/wp\/v2\/comments?post=685"}],"version-history":[{"count":0,"href":"https:\/\/energical.dz\/en\/wp-json\/wp\/v2\/pages\/685\/revisions"}],"wp:attachment":[{"href":"https:\/\/energical.dz\/en\/wp-json\/wp\/v2\/media?parent=685"}],"curies":[{"name":"wp","href":"https:\/\/api.w.org\/{rel}","templated":true}]}}